{"id":9555,"date":"2024-10-19T21:18:43","date_gmt":"2024-10-19T18:18:43","guid":{"rendered":"https:\/\/teamsolaris.com\/?page_id=9555"},"modified":"2024-10-19T21:18:53","modified_gmt":"2024-10-19T18:18:53","slug":"sasol-solar-challenge","status":"publish","type":"page","link":"https:\/\/teamsolaris.com\/tr\/sasol-solar-challenge\/","title":{"rendered":"Sasol Solar Challenge"},"content":{"rendered":"<div data-elementor-type=\"wp-page\" data-elementor-id=\"9555\" class=\"elementor elementor-9555\">\n\t\t\t\t\t\t<section class=\"elementor-section elementor-top-section elementor-element elementor-element-fe98975 elementor-section-content-space-evenly elementor-section-boxed elementor-section-height-default elementor-section-height-default\" data-id=\"fe98975\" data-element_type=\"section\" data-e-type=\"section\" data-settings=\"{&quot;background_background&quot;:&quot;classic&quot;}\">\n\t\t\t\t\t\t<div class=\"elementor-container elementor-column-gap-default\">\n\t\t\t\t\t<div class=\"elementor-column elementor-col-100 elementor-top-column elementor-element elementor-element-801fbce\" data-id=\"801fbce\" data-element_type=\"column\" data-e-type=\"column\">\n\t\t\t<div class=\"elementor-widget-wrap elementor-element-populated\">\n\t\t\t\t\t\t\t<\/div>\n\t\t<\/div>\n\t\t\t\t\t<\/div>\n\t\t<\/section>\n\t\t\t\t<section class=\"elementor-section elementor-top-section elementor-element elementor-element-3421e23 elementor-section-content-space-around elementor-section-boxed elementor-section-height-default elementor-section-height-default\" data-id=\"3421e23\" data-element_type=\"section\" data-e-type=\"section\">\n\t\t\t\t\t\t<div class=\"elementor-container elementor-column-gap-default\">\n\t\t\t\t\t<div class=\"elementor-column elementor-col-16 elementor-top-column elementor-element elementor-element-8311d98\" data-id=\"8311d98\" data-element_type=\"column\" data-e-type=\"column\">\n\t\t\t<div class=\"elementor-widget-wrap elementor-element-populated\">\n\t\t\t\t\t\t<div class=\"elementor-element elementor-element-923cf27 elementor-widget elementor-widget-image\" data-id=\"923cf27\" data-element_type=\"widget\" data-e-type=\"widget\" data-widget_type=\"image.default\">\n\t\t\t\t<div class=\"elementor-widget-container\">\n\t\t\t\t\t\t\t\t\t\t\t\t\t\t\t\t<a href=\"https:\/\/www.worldsolarchallenge.org\/\">\n\t\t\t\t\t\t\t<img fetchpriority=\"high\" decoding=\"async\" width=\"1500\" height=\"592\" src=\"https:\/\/teamsolaris.com\/wp-content\/uploads\/2024\/10\/unnamed.png\" class=\"attachment-medium size-medium wp-image-9589\" alt=\"\" srcset=\"https:\/\/teamsolaris.com\/wp-content\/uploads\/2024\/10\/unnamed.png 1500w, https:\/\/teamsolaris.com\/wp-content\/uploads\/2024\/10\/unnamed-768x303.png 768w, https:\/\/teamsolaris.com\/wp-content\/uploads\/2024\/10\/unnamed-18x7.png 18w, https:\/\/teamsolaris.com\/wp-content\/uploads\/2024\/10\/unnamed-600x237.png 600w\" sizes=\"(max-width: 1500px) 100vw, 1500px\" \/>\t\t\t\t\t\t\t\t<\/a>\n\t\t\t\t\t\t\t\t\t\t\t\t\t\t\t<\/div>\n\t\t\t\t<\/div>\n\t\t\t\t\t<\/div>\n\t\t<\/div>\n\t\t\t\t<div class=\"elementor-column elementor-col-66 elementor-top-column elementor-element elementor-element-f1d45a8\" data-id=\"f1d45a8\" data-element_type=\"column\" data-e-type=\"column\">\n\t\t\t<div class=\"elementor-widget-wrap elementor-element-populated\">\n\t\t\t\t\t\t<div class=\"elementor-element elementor-element-408d4ca elementor-widget elementor-widget-heading\" data-id=\"408d4ca\" data-element_type=\"widget\" data-e-type=\"widget\" data-widget_type=\"heading.default\">\n\t\t\t\t<div class=\"elementor-widget-container\">\n\t\t\t\t\t<h1 class=\"elementor-heading-title elementor-size-default\">Sasol Solar Challenge<\/h1>\t\t\t\t<\/div>\n\t\t\t\t<\/div>\n\t\t\t\t\t<\/div>\n\t\t<\/div>\n\t\t\t\t<div class=\"elementor-column elementor-col-16 elementor-top-column elementor-element elementor-element-f460830\" data-id=\"f460830\" data-element_type=\"column\" data-e-type=\"column\">\n\t\t\t<div class=\"elementor-widget-wrap\">\n\t\t\t\t\t\t\t<\/div>\n\t\t<\/div>\n\t\t\t\t\t<\/div>\n\t\t<\/section>\n\t\t\t\t<section class=\"elementor-section elementor-top-section elementor-element elementor-element-e54dac5 elementor-section-boxed elementor-section-height-default elementor-section-height-default\" data-id=\"e54dac5\" data-element_type=\"section\" data-e-type=\"section\">\n\t\t\t\t\t\t<div class=\"elementor-container elementor-column-gap-default\">\n\t\t\t\t\t<div class=\"elementor-column elementor-col-100 elementor-top-column elementor-element elementor-element-ee334c9\" data-id=\"ee334c9\" data-element_type=\"column\" data-e-type=\"column\">\n\t\t\t<div class=\"elementor-widget-wrap elementor-element-populated\">\n\t\t\t\t\t\t<div class=\"elementor-element elementor-element-ae03199 elementor-widget elementor-widget-text-editor\" data-id=\"ae03199\" data-element_type=\"widget\" data-e-type=\"widget\" data-no-translation=\"\" data-widget_type=\"text-editor.default\">\n\t\t\t\t<div class=\"elementor-widget-container\">\n\t\t\t\t\t\t\t\t\t<p style=\"text-align: center;\">Sasol Solar Challenge, G\u00fcney Afrika&#8217;da iki y\u0131lda bir <span>d\u00fczenlenen d\u00fcnyan\u0131n farkl\u0131 \u00fclkelerinden, \u00e7ok say\u0131da \u00fcniversitenin kat\u0131ld\u0131\u011f\u0131 bir solar ara\u00e7 yar\u0131\u015f\u0131d\u0131r. Teknoloji ve inovasyonu temel alan bu yar\u0131\u015f toplamda 8 g\u00fcnden olu\u015fan bir yol yar\u0131\u015f\u0131d\u0131r. Johannesburg&#8217;dan Cape Town&#8217;a kadar uzanan yar\u0131\u015f g\u00fczergah\u0131nda tak\u0131mlar; tasar\u0131m, \u00fcretim ve strateji becerilini sergilerler. Yar\u0131\u015f sonuna kadar en \u00e7ok puan\u0131 toplayan tak\u0131m yar\u0131\u015f\u0131 kazan\u0131r.<\/span><\/p>\t\t\t\t\t\t\t\t<\/div>\n\t\t\t\t<\/div>\n\t\t\t\t<div class=\"elementor-element elementor-element-37e0bac elementor-widget elementor-widget-text-editor\" data-id=\"37e0bac\" data-element_type=\"widget\" data-e-type=\"widget\" data-no-translation=\"\" data-widget_type=\"text-editor.default\">\n\t\t\t\t<div class=\"elementor-widget-container\">\n\t\t\t\t\t<style>.elementor-element-37e0bac{display:none !important}<\/style>\t\t\t\t<\/div>\n\t\t\t\t<\/div>\n\t\t\t\t\t<\/div>\n\t\t<\/div>\n\t\t\t\t\t<\/div>\n\t\t<\/section>\n\t\t\t\t<section class=\"elementor-section elementor-top-section elementor-element elementor-element-dce71b5 elementor-section-boxed elementor-section-height-default elementor-section-height-default\" data-id=\"dce71b5\" data-element_type=\"section\" data-e-type=\"section\">\n\t\t\t\t\t\t<div class=\"elementor-container elementor-column-gap-default\">\n\t\t\t\t\t<div class=\"elementor-column elementor-col-33 elementor-top-column elementor-element elementor-element-eebba12\" data-id=\"eebba12\" data-element_type=\"column\" data-e-type=\"column\">\n\t\t\t<div class=\"elementor-widget-wrap\">\n\t\t\t\t\t\t\t<\/div>\n\t\t<\/div>\n\t\t\t\t<div class=\"elementor-column elementor-col-33 elementor-top-column elementor-element elementor-element-be37d11\" data-id=\"be37d11\" data-element_type=\"column\" data-e-type=\"column\">\n\t\t\t<div class=\"elementor-widget-wrap elementor-element-populated\">\n\t\t\t\t\t\t\t<\/div>\n\t\t<\/div>\n\t\t\t\t<div class=\"elementor-column elementor-col-33 elementor-top-column elementor-element elementor-element-8f65b01\" data-id=\"8f65b01\" data-element_type=\"column\" data-e-type=\"column\">\n\t\t\t<div class=\"elementor-widget-wrap\">\n\t\t\t\t\t\t\t<\/div>\n\t\t<\/div>\n\t\t\t\t\t<\/div>\n\t\t<\/section>\n\t\t\t\t<section class=\"elementor-section elementor-top-section elementor-element elementor-element-39057c5 elementor-section-boxed elementor-section-height-default elementor-section-height-default\" data-id=\"39057c5\" data-element_type=\"section\" data-e-type=\"section\">\n\t\t\t\t\t\t<div class=\"elementor-container elementor-column-gap-default\">\n\t\t\t\t\t<div class=\"elementor-column elementor-col-100 elementor-top-column elementor-element elementor-element-3aa43bf\" data-id=\"3aa43bf\" data-element_type=\"column\" data-e-type=\"column\">\n\t\t\t<div class=\"elementor-widget-wrap elementor-element-populated\">\n\t\t\t\t\t\t<div class=\"elementor-element elementor-element-d332d60 elementor-widget elementor-widget-text-editor\" data-id=\"d332d60\" data-element_type=\"widget\" data-e-type=\"widget\" data-no-translation=\"\" data-widget_type=\"text-editor.default\">\n\t\t\t\t<div class=\"elementor-widget-container\">\n\t\t\t\t\t\t\t\t\t<p>Sasol Solar Challenge&#8217;da farkl\u0131 kural ve hedeflere sahip&nbsp;<span style=\"letter-spacing: -0.3px; color: var( --e-global-color-text ); font-weight: var( --e-global-typography-text-font-weight );\">challenger, cruiser ve innovation olmak \u00fczere<\/span><span style=\"font-size: inherit; color: var( --e-global-color-text ); font-weight: var( --e-global-typography-text-font-weight ); letter-spacing: -0.3px;\">&nbsp;3 farkl\u0131 kat\u0131l\u0131m s\u0131n\u0131f\u0131 bulunmaktad\u0131r. Challenger s\u0131n\u0131f\u0131nda yar\u0131\u015fan ara\u00e7lar, dayan\u0131kl\u0131l\u0131k ve verimlilik odakl\u0131 \u00fcretilirler. Cruiser s\u0131n\u0131f\u0131nda yar\u0131\u015fan ara\u00e7lar, pratiklilik ve g\u00fcnl\u00fck kullan\u0131ma uygun \u015fekilde \u00fcretilirler. Innovation s\u0131n\u0131ftaki ara\u00e7lar, di\u011fer iki s\u0131n\u0131fta olmayan ve ana amac\u0131 rekabet olarak belirlenmeyen ara\u00e7lard\u0131r. Bu s\u0131n\u0131f, rekabet eden di\u011fer ara\u00e7lar ve mobilitenin gelece\u011fi hakk\u0131nda d\u00fc\u015f\u00fcnme \u015feklimize meydan okuyan yepyeni tasar\u0131mlar arac\u0131l\u0131\u011f\u0131yla harika yeniliklerin hayata ge\u00e7irilmesine katk\u0131 sunmaktad\u0131r.<\/span><\/p>\n<p><span style=\"font-size: inherit; color: var( --e-global-color-text ); font-weight: var( --e-global-typography-text-font-weight ); letter-spacing: -0.3px;\">Sasol Solar Challenge, rota boyunca binlerce teknoloji merakl\u0131s\u0131, gelece\u011fin m\u00fchendis adaylar\u0131n\u0131 ve G\u00fcney Afrika halk\u0131n\u0131 bir araya getirir.<\/span><\/p>\t\t\t\t\t\t\t\t<\/div>\n\t\t\t\t<\/div>\n\t\t\t\t<div class=\"elementor-element elementor-element-c7052ca elementor-widget elementor-widget-text-editor\" data-id=\"c7052ca\" data-element_type=\"widget\" data-e-type=\"widget\" data-no-translation=\"\" data-widget_type=\"text-editor.default\">\n\t\t\t\t<div class=\"elementor-widget-container\">\n\t\t\t\t\t<style>.elementor-element-c7052ca{display:none !important}<\/style>\t\t\t\t<\/div>\n\t\t\t\t<\/div>\n\t\t\t\t\t<\/div>\n\t\t<\/div>\n\t\t\t\t\t<\/div>\n\t\t<\/section>\n\t\t\t\t<section class=\"elementor-section elementor-top-section elementor-element elementor-element-c2276cc elementor-section-boxed elementor-section-height-default elementor-section-height-default\" data-id=\"c2276cc\" data-element_type=\"section\" data-e-type=\"section\">\n\t\t\t\t\t\t<div class=\"elementor-container elementor-column-gap-default\">\n\t\t\t\t\t<div class=\"elementor-column elementor-col-33 elementor-top-column elementor-element elementor-element-bd64ae1\" data-id=\"bd64ae1\" data-element_type=\"column\" data-e-type=\"column\">\n\t\t\t<div class=\"elementor-widget-wrap\">\n\t\t\t\t\t\t\t<\/div>\n\t\t<\/div>\n\t\t\t\t<div class=\"elementor-column elementor-col-33 elementor-top-column elementor-element elementor-element-1806fcc\" data-id=\"1806fcc\" data-element_type=\"column\" data-e-type=\"column\">\n\t\t\t<div class=\"elementor-widget-wrap elementor-element-populated\">\n\t\t\t\t\t\t<div class=\"elementor-element elementor-element-132a436 elementor-widget elementor-widget-spacer\" data-id=\"132a436\" data-element_type=\"widget\" data-e-type=\"widget\" data-widget_type=\"spacer.default\">\n\t\t\t\t<div class=\"elementor-widget-container\">\n\t\t\t\t\t\t\t<div class=\"elementor-spacer\">\n\t\t\t<div class=\"elementor-spacer-inner\"><\/div>\n\t\t<\/div>\n\t\t\t\t\t\t<\/div>\n\t\t\t\t<\/div>\n\t\t\t\t<div class=\"elementor-element elementor-element-8d41915 elementor-widget elementor-widget-heading\" data-id=\"8d41915\" data-element_type=\"widget\" data-e-type=\"widget\" data-no-translation=\"\" data-widget_type=\"heading.default\">\n\t\t\t\t<div class=\"elementor-widget-container\">\n\t\t\t\t\t<h2 class=\"elementor-heading-title elementor-size-default\">Sasol Solar Challenge Tarihimiz<\/h2>\t\t\t\t<\/div>\n\t\t\t\t<\/div>\n\t\t\t\t<div class=\"elementor-element elementor-element-7ec8e46 elementor-widget elementor-widget-heading\" data-id=\"7ec8e46\" data-element_type=\"widget\" data-e-type=\"widget\" data-no-translation=\"\" data-widget_type=\"heading.default\">\n\t\t\t\t<div class=\"elementor-widget-container\">\n\t\t\t\t\t<style>.elementor-element-7ec8e46{display:none !important}<\/style>\t\t\t\t<\/div>\n\t\t\t\t<\/div>\n\t\t\t\t\t<\/div>\n\t\t<\/div>\n\t\t\t\t<div class=\"elementor-column elementor-col-33 elementor-top-column elementor-element elementor-element-90d1b27\" data-id=\"90d1b27\" data-element_type=\"column\" data-e-type=\"column\">\n\t\t\t<div class=\"elementor-widget-wrap\">\n\t\t\t\t\t\t\t<\/div>\n\t\t<\/div>\n\t\t\t\t\t<\/div>\n\t\t<\/section>\n\t\t\t\t<section class=\"elementor-section elementor-top-section elementor-element elementor-element-0929e85 elementor-section-boxed elementor-section-height-default elementor-section-height-default\" data-id=\"0929e85\" data-element_type=\"section\" data-e-type=\"section\">\n\t\t\t\t\t\t<div class=\"elementor-container elementor-column-gap-default\">\n\t\t\t\t\t<div class=\"elementor-column elementor-col-33 elementor-top-column elementor-element elementor-element-9e68863\" data-id=\"9e68863\" data-element_type=\"column\" data-e-type=\"column\">\n\t\t\t<div class=\"elementor-widget-wrap\">\n\t\t\t\t\t\t\t<\/div>\n\t\t<\/div>\n\t\t\t\t<div class=\"elementor-column elementor-col-33 elementor-top-column elementor-element elementor-element-8b86023\" data-id=\"8b86023\" data-element_type=\"column\" data-e-type=\"column\">\n\t\t\t<div class=\"elementor-widget-wrap elementor-element-populated\">\n\t\t\t\t\t\t<div class=\"elementor-element elementor-element-d1bf43c elementor-widget elementor-widget-shortcode\" data-id=\"d1bf43c\" data-element_type=\"widget\" data-e-type=\"widget\" data-widget_type=\"shortcode.default\">\n\t\t\t\t<div class=\"elementor-widget-container\">\n\t\t\t\t\t\t\t<div class=\"elementor-shortcode\"><div id=\"footable_parent_9559\"\n         class=\"footable_parent ninja_table_wrapper loading_ninja_table wp_table_data_press_parent semantic_ui\">\n                <table data-ninja_table_instance=\"ninja_table_instance_0\" data-footable_id=\"9559\" data-filter-delay=\"1000\" aria-label=\"Sasol Solar Challenge\"            id=\"footable_9559\"\n           data-unique_identifier=\"ninja_table_unique_id_1136447107_9559\"\n           class=\"foo-table ninja_footable foo_table_9559 ninja_table_unique_id_1136447107_9559 ui table  nt_type_ajax_table selectable hide_vertical_borders striped vertical_centered  footable-paging-right ninja_table_search_disabled\">\n                <colgroup>\n                            <col class=\"ninja_column_0\">\n                            <col class=\"ninja_column_1\">\n                            <col class=\"ninja_column_2\">\n                    <\/colgroup>\n            <\/table>\n    \n    \n    \n<\/div>\n\n<\/div>\n\t\t\t\t\t\t<\/div>\n\t\t\t\t<\/div>\n\t\t\t\t\t<\/div>\n\t\t<\/div>\n\t\t\t\t<div class=\"elementor-column elementor-col-33 elementor-top-column elementor-element elementor-element-f4d3f6f\" data-id=\"f4d3f6f\" data-element_type=\"column\" data-e-type=\"column\">\n\t\t\t<div class=\"elementor-widget-wrap\">\n\t\t\t\t\t\t\t<\/div>\n\t\t<\/div>\n\t\t\t\t\t<\/div>\n\t\t<\/section>\n\t\t\t\t<section class=\"elementor-section elementor-top-section elementor-element elementor-element-78326d4 elementor-section-boxed elementor-section-height-default elementor-section-height-default\" data-id=\"78326d4\" data-element_type=\"section\" data-e-type=\"section\">\n\t\t\t\t\t\t<div class=\"elementor-container elementor-column-gap-default\">\n\t\t\t\t\t<div class=\"elementor-column elementor-col-100 elementor-top-column elementor-element elementor-element-e574b35\" data-id=\"e574b35\" data-element_type=\"column\" data-e-type=\"column\">\n\t\t\t<div class=\"elementor-widget-wrap elementor-element-populated\">\n\t\t\t\t\t\t<div class=\"elementor-element elementor-element-2f819f6 elementor-widget elementor-widget-spacer\" data-id=\"2f819f6\" data-element_type=\"widget\" data-e-type=\"widget\" data-widget_type=\"spacer.default\">\n\t\t\t\t<div class=\"elementor-widget-container\">\n\t\t\t\t\t\t\t<div class=\"elementor-spacer\">\n\t\t\t<div class=\"elementor-spacer-inner\"><\/div>\n\t\t<\/div>\n\t\t\t\t\t\t<\/div>\n\t\t\t\t<\/div>\n\t\t\t\t\t<\/div>\n\t\t<\/div>\n\t\t\t\t\t<\/div>\n\t\t<\/section>\n\t\t\t\t<\/div>","protected":false},"excerpt":{"rendered":"<p>Sasol Solar Challenge Sasol Solar Challenge, G\u00fcney Afrika&#8217;da iki y\u0131lda bir d\u00fczenlenen d\u00fcnyan\u0131n farkl\u0131 \u00fclkelerinden, \u00e7ok say\u0131da \u00fcniversitenin kat\u0131ld\u0131\u011f\u0131 bir solar ara\u00e7 yar\u0131\u015f\u0131d\u0131r. Teknoloji ve inovasyonu temel alan bu yar\u0131\u015f toplamda 8 g\u00fcnden olu\u015fan bir yol yar\u0131\u015f\u0131d\u0131r. Johannesburg&#8217;dan Cape Town&#8217;a kadar uzanan yar\u0131\u015f g\u00fczergah\u0131nda tak\u0131mlar; tasar\u0131m, \u00fcretim ve strateji becerilini [&hellip;]<\/p>\n","protected":false},"author":2,"featured_media":0,"parent":0,"menu_order":0,"comment_status":"closed","ping_status":"closed","template":"page-templates\/template-pagebuilder-full-width.php","meta":{"_eb_attr":"","_themeisle_gutenberg_block_has_review":false,"footnotes":""},"class_list":["post-9555","page","type-page","status-publish","hentry"],"aioseo_notices":[],"_links":{"self":[{"href":"https:\/\/teamsolaris.com\/tr\/wp-json\/wp\/v2\/pages\/9555","targetHints":{"allow":["GET"]}}],"collection":[{"href":"https:\/\/teamsolaris.com\/tr\/wp-json\/wp\/v2\/pages"}],"about":[{"href":"https:\/\/teamsolaris.com\/tr\/wp-json\/wp\/v2\/types\/page"}],"author":[{"embeddable":true,"href":"https:\/\/teamsolaris.com\/tr\/wp-json\/wp\/v2\/users\/2"}],"replies":[{"embeddable":true,"href":"https:\/\/teamsolaris.com\/tr\/wp-json\/wp\/v2\/comments?post=9555"}],"version-history":[{"count":19,"href":"https:\/\/teamsolaris.com\/tr\/wp-json\/wp\/v2\/pages\/9555\/revisions"}],"predecessor-version":[{"id":9632,"href":"https:\/\/teamsolaris.com\/tr\/wp-json\/wp\/v2\/pages\/9555\/revisions\/9632"}],"wp:attachment":[{"href":"https:\/\/teamsolaris.com\/tr\/wp-json\/wp\/v2\/media?parent=9555"}],"curies":[{"name":"wp","href":"https:\/\/api.w.org\/{rel}","templated":true}]}}