{"id":5160,"date":"2020-03-23T11:34:41","date_gmt":"2020-03-23T11:34:41","guid":{"rendered":"https:\/\/teamsolaris.com\/?page_id=5160"},"modified":"2020-05-16T14:51:35","modified_gmt":"2020-05-16T11:51:35","slug":"somabay-egyptian-solar-challenge","status":"publish","type":"page","link":"https:\/\/teamsolaris.com\/tr\/somabay-egyptian-solar-challenge\/","title":{"rendered":"Somabay Egyptian Solar Challenge"},"content":{"rendered":"<div data-elementor-type=\"wp-page\" data-elementor-id=\"5160\" class=\"elementor elementor-5160\">\n\t\t\t\t\t\t<section class=\"elementor-section elementor-top-section elementor-element elementor-element-34831a8 elementor-section-content-space-evenly elementor-section-boxed elementor-section-height-default elementor-section-height-default\" data-id=\"34831a8\" data-element_type=\"section\" data-e-type=\"section\">\n\t\t\t\t\t\t<div class=\"elementor-container elementor-column-gap-default\">\n\t\t\t\t\t<div class=\"elementor-column elementor-col-33 elementor-top-column elementor-element elementor-element-f68087a\" data-id=\"f68087a\" data-element_type=\"column\" data-e-type=\"column\">\n\t\t\t<div class=\"elementor-widget-wrap elementor-element-populated\">\n\t\t\t\t\t\t<div class=\"elementor-element elementor-element-923cf27 elementor-widget elementor-widget-image\" data-id=\"923cf27\" data-element_type=\"widget\" data-e-type=\"widget\" data-widget_type=\"image.default\">\n\t\t\t\t<div class=\"elementor-widget-container\">\n\t\t\t\t\t\t\t\t\t\t\t\t\t\t\t\t<a href=\"https:\/\/www.facebook.com\/USolarChallenge\/?__xts__%5B0%5D=68.ARBIidPhGB5iTZkb1ya7lVcHzztn_FA_LCzj0YAWdWv4XJEJ1vZH1lBgVUFiXF1yeQMFNd7cpw8FNI3ilnuAzheYxsR-zPfb9qIkXEQr1R0Gj4Hrpmd1ULb2vJvDnfMhTnunXugh-O0M5tHP354zjM2qQCfVwZ6nho8Kl_2o5clBZTn5VDrz8i25iewyDAn-1rL_07GWf5rYvCHtuPvxOWNJmdXCAYxeDt8SVy2FiZzzGP5LmnqwVgK_k74fz-QD2IVSo4wz3IOlLEvPC2yavP-Frtb4hJErl4AxZX8XqA7p1guAcWDSu-ljrGMashyafdBXAB-4XBNuRxBPUGwHmo3ftBJtV00h1XnT6U1RhfyPwrzTMtGHrvkdF38ppONTv4bmbq-Wc3pXUzbBFrgyTRRTVIVat7gbm1NNt5CNvrURdZua62bB56xmU1JQumeZhMWYAxbHfiM7Ds1lPLZdUDKT2lY\">\n\t\t\t\t\t\t\t<img decoding=\"async\" width=\"300\" height=\"150\" data-src=\"https:\/\/teamsolaris.com\/wp-content\/uploads\/2020\/03\/somabayegyptiansolarchallengelogo-300x150.jpg\" class=\"attachment-medium size-medium wp-image-5169 lazyload\" alt=\"\" data-srcset=\"https:\/\/teamsolaris.com\/wp-content\/uploads\/2020\/03\/somabayegyptiansolarchallengelogo-300x150.jpg 300w, https:\/\/teamsolaris.com\/wp-content\/uploads\/2020\/03\/somabayegyptiansolarchallengelogo.jpg 693w\" data-sizes=\"(max-width: 300px) 100vw, 300px\" src=\"data:image\/svg+xml;base64,PHN2ZyB3aWR0aD0iMSIgaGVpZ2h0PSIxIiB4bWxucz0iaHR0cDovL3d3dy53My5vcmcvMjAwMC9zdmciPjwvc3ZnPg==\" style=\"--smush-placeholder-width: 300px; --smush-placeholder-aspect-ratio: 300\/150;\" \/>\t\t\t\t\t\t\t\t<\/a>\n\t\t\t\t\t\t\t\t\t\t\t\t\t\t\t<\/div>\n\t\t\t\t<\/div>\n\t\t\t\t\t<\/div>\n\t\t<\/div>\n\t\t\t\t<div class=\"elementor-column elementor-col-33 elementor-top-column elementor-element elementor-element-47a4890\" data-id=\"47a4890\" data-element_type=\"column\" data-e-type=\"column\">\n\t\t\t<div class=\"elementor-widget-wrap elementor-element-populated\">\n\t\t\t\t\t\t<div class=\"elementor-element elementor-element-408d4ca elementor-widget elementor-widget-heading\" data-id=\"408d4ca\" data-element_type=\"widget\" data-e-type=\"widget\" data-widget_type=\"heading.default\">\n\t\t\t\t<div class=\"elementor-widget-container\">\n\t\t\t\t\t<h1 class=\"elementor-heading-title elementor-size-default\">Somabay Egyptian Solar Challenge<\/h1>\t\t\t\t<\/div>\n\t\t\t\t<\/div>\n\t\t\t\t\t<\/div>\n\t\t<\/div>\n\t\t\t\t<div class=\"elementor-column elementor-col-33 elementor-top-column elementor-element elementor-element-5ad5a99\" data-id=\"5ad5a99\" data-element_type=\"column\" data-e-type=\"column\">\n\t\t\t<div class=\"elementor-widget-wrap\">\n\t\t\t\t\t\t\t<\/div>\n\t\t<\/div>\n\t\t\t\t\t<\/div>\n\t\t<\/section>\n\t\t\t\t<section class=\"elementor-section elementor-top-section elementor-element elementor-element-b17c5b1 elementor-section-boxed elementor-section-height-default elementor-section-height-default\" data-id=\"b17c5b1\" data-element_type=\"section\" data-e-type=\"section\">\n\t\t\t\t\t\t<div class=\"elementor-container elementor-column-gap-default\">\n\t\t\t\t\t<div class=\"elementor-column elementor-col-100 elementor-top-column elementor-element elementor-element-a055bf7\" data-id=\"a055bf7\" data-element_type=\"column\" data-e-type=\"column\">\n\t\t\t<div class=\"elementor-widget-wrap elementor-element-populated\">\n\t\t\t\t\t\t<div class=\"elementor-element elementor-element-ae03199 elementor-widget elementor-widget-text-editor\" data-id=\"ae03199\" data-element_type=\"widget\" data-e-type=\"widget\" data-widget_type=\"text-editor.default\">\n\t\t\t\t<div class=\"elementor-widget-container\">\n\t\t\t\t\t\t\t\t\t<p style=\"text-align: center;\">SESC Birle\u015fik Arap Emirlikleri\u2019nce her y\u0131l farkl\u0131 bir emirlikte d\u00fczenlenen yar\u0131\u015fman\u0131n 2017 y\u0131l\u0131nda Somabay sponsorlu\u011funda M\u0131s\u0131r\u2019da ger\u00e7ekle\u015ftirilen aya\u011f\u0131d\u0131r.\u00a0<span style=\"font-size: inherit;\">Ekip\u00e7e t\u00fcm haz\u0131rl\u0131klar\u0131m\u0131z\u0131 tamamlayarak S7 arac\u0131m\u0131zla gitti\u011fimiz yar\u0131\u015fta, kargomuzun \u0130skenderiye Liman\u0131\u2019nda ba\u011flanmas\u0131 sebebiyle karde\u015f tak\u0131m\u0131m\u0131z olan Hochschule Bochum Solar Car Team ile kat\u0131ld\u0131k. Solar Team Solaris olarak bir kez daha imkans\u0131zl\u0131klara kar\u015f\u0131n varl\u0131\u011f\u0131m\u0131z s\u00fcrd\u00fcrd\u00fck.<\/span><\/p>\t\t\t\t\t\t\t\t<\/div>\n\t\t\t\t<\/div>\n\t\t\t\t\t<\/div>\n\t\t<\/div>\n\t\t\t\t\t<\/div>\n\t\t<\/section>\n\t\t\t\t<section class=\"elementor-section elementor-top-section elementor-element elementor-element-889ae7f elementor-section-boxed elementor-section-height-default elementor-section-height-default\" data-id=\"889ae7f\" data-element_type=\"section\" data-e-type=\"section\">\n\t\t\t\t\t\t<div class=\"elementor-container elementor-column-gap-default\">\n\t\t\t\t\t<div class=\"elementor-column elementor-col-33 elementor-top-column elementor-element elementor-element-38b348e\" data-id=\"38b348e\" data-element_type=\"column\" data-e-type=\"column\">\n\t\t\t<div class=\"elementor-widget-wrap\">\n\t\t\t\t\t\t\t<\/div>\n\t\t<\/div>\n\t\t\t\t<div class=\"elementor-column elementor-col-33 elementor-top-column elementor-element elementor-element-0771796\" data-id=\"0771796\" data-element_type=\"column\" data-e-type=\"column\">\n\t\t\t<div class=\"elementor-widget-wrap elementor-element-populated\">\n\t\t\t\t\t\t\t<\/div>\n\t\t<\/div>\n\t\t\t\t<div class=\"elementor-column elementor-col-33 elementor-top-column elementor-element elementor-element-63341d3\" data-id=\"63341d3\" data-element_type=\"column\" data-e-type=\"column\">\n\t\t\t<div class=\"elementor-widget-wrap\">\n\t\t\t\t\t\t\t<\/div>\n\t\t<\/div>\n\t\t\t\t\t<\/div>\n\t\t<\/section>\n\t\t\t\t<\/div>","protected":false},"excerpt":{"rendered":"<p>Somabay Egyptian Solar Challenge The competition, which is organized by the United Arab Emirates from a different emirate every year, is the race that was held in Egypt under the sponsorship of Somabay in 2017.&nbsp;Completing all the preparations by the team, in the race we went with our car S7 [&hellip;]<\/p>\n","protected":false},"author":1,"featured_media":0,"parent":0,"menu_order":0,"comment_status":"closed","ping_status":"closed","template":"page-templates\/template-pagebuilder-full-width.php","meta":{"_eb_attr":"","_themeisle_gutenberg_block_has_review":false,"footnotes":""},"class_list":["post-5160","page","type-page","status-publish","hentry"],"aioseo_notices":[],"_links":{"self":[{"href":"https:\/\/teamsolaris.com\/tr\/wp-json\/wp\/v2\/pages\/5160","targetHints":{"allow":["GET"]}}],"collection":[{"href":"https:\/\/teamsolaris.com\/tr\/wp-json\/wp\/v2\/pages"}],"about":[{"href":"https:\/\/teamsolaris.com\/tr\/wp-json\/wp\/v2\/types\/page"}],"author":[{"embeddable":true,"href":"https:\/\/teamsolaris.com\/tr\/wp-json\/wp\/v2\/users\/1"}],"replies":[{"embeddable":true,"href":"https:\/\/teamsolaris.com\/tr\/wp-json\/wp\/v2\/comments?post=5160"}],"version-history":[{"count":0,"href":"https:\/\/teamsolaris.com\/tr\/wp-json\/wp\/v2\/pages\/5160\/revisions"}],"wp:attachment":[{"href":"https:\/\/teamsolaris.com\/tr\/wp-json\/wp\/v2\/media?parent=5160"}],"curies":[{"name":"wp","href":"https:\/\/api.w.org\/{rel}","templated":true}]}}