{"id":4864,"date":"2020-03-10T08:05:33","date_gmt":"2020-03-10T08:05:33","guid":{"rendered":"https:\/\/teamsolaris.com\/?page_id=4864"},"modified":"2021-10-10T19:38:02","modified_gmt":"2021-10-10T16:38:02","slug":"s7","status":"publish","type":"page","link":"https:\/\/teamsolaris.com\/tr\/s7\/","title":{"rendered":"S7"},"content":{"rendered":"<div data-elementor-type=\"wp-page\" data-elementor-id=\"4864\" class=\"elementor elementor-4864\">\n\t\t\t\t\t\t<section class=\"elementor-section elementor-top-section elementor-element elementor-element-242e1c3 elementor-section-boxed elementor-section-height-default elementor-section-height-default\" data-id=\"242e1c3\" data-element_type=\"section\" data-e-type=\"section\">\n\t\t\t\t\t\t<div class=\"elementor-container elementor-column-gap-default\">\n\t\t\t\t\t<div class=\"elementor-column elementor-col-100 elementor-top-column elementor-element elementor-element-40617b5\" data-id=\"40617b5\" data-element_type=\"column\" data-e-type=\"column\">\n\t\t\t<div class=\"elementor-widget-wrap elementor-element-populated\">\n\t\t\t\t\t\t\t<\/div>\n\t\t<\/div>\n\t\t\t\t\t<\/div>\n\t\t<\/section>\n\t\t\t\t<section class=\"elementor-section elementor-top-section elementor-element elementor-element-ee1e2db elementor-section-boxed elementor-section-height-default elementor-section-height-default\" data-id=\"ee1e2db\" data-element_type=\"section\" data-e-type=\"section\">\n\t\t\t\t\t\t<div class=\"elementor-container elementor-column-gap-default\">\n\t\t\t\t\t<div class=\"elementor-column elementor-col-100 elementor-top-column elementor-element elementor-element-10f92a3\" data-id=\"10f92a3\" data-element_type=\"column\" data-e-type=\"column\">\n\t\t\t<div class=\"elementor-widget-wrap elementor-element-populated\">\n\t\t\t\t\t\t<div class=\"elementor-element elementor-element-2af00da elementor-widget elementor-widget-heading\" data-id=\"2af00da\" data-element_type=\"widget\" data-e-type=\"widget\" data-widget_type=\"heading.default\">\n\t\t\t\t<div class=\"elementor-widget-container\">\n\t\t\t\t\t<h1 class=\"elementor-heading-title elementor-size-default\">S7<\/h1>\t\t\t\t<\/div>\n\t\t\t\t<\/div>\n\t\t\t\t<div class=\"elementor-element elementor-element-bb7ea28 elementor-widget-divider--view-line elementor-widget elementor-widget-divider\" data-id=\"bb7ea28\" data-element_type=\"widget\" data-e-type=\"widget\" data-widget_type=\"divider.default\">\n\t\t\t\t<div class=\"elementor-widget-container\">\n\t\t\t\t\t\t\t<div class=\"elementor-divider\">\n\t\t\t<span class=\"elementor-divider-separator\">\n\t\t\t\t\t\t<\/span>\n\t\t<\/div>\n\t\t\t\t\t\t<\/div>\n\t\t\t\t<\/div>\n\t\t\t\t\t<\/div>\n\t\t<\/div>\n\t\t\t\t\t<\/div>\n\t\t<\/section>\n\t\t\t\t<section class=\"elementor-section elementor-top-section elementor-element elementor-element-dea0b36 elementor-section-boxed elementor-section-height-default elementor-section-height-default\" data-id=\"dea0b36\" data-element_type=\"section\" data-e-type=\"section\">\n\t\t\t\t\t\t<div class=\"elementor-container elementor-column-gap-default\">\n\t\t\t\t\t<div class=\"elementor-column elementor-col-100 elementor-top-column elementor-element elementor-element-f02636d\" data-id=\"f02636d\" data-element_type=\"column\" data-e-type=\"column\">\n\t\t\t<div class=\"elementor-widget-wrap elementor-element-populated\">\n\t\t\t\t\t\t<div class=\"elementor-element elementor-element-29b6e20 elementor-widget elementor-widget-text-editor\" data-id=\"29b6e20\" data-element_type=\"widget\" data-e-type=\"widget\" data-widget_type=\"text-editor.default\">\n\t\t\t\t<div class=\"elementor-widget-container\">\n\t\t\t\t\t\t\t\t\t<p style=\"text-align: center;\">2013 y\u0131l\u0131nda \u00fcretilen S7 arac\u0131m\u0131z\u0131n \u00e7al\u0131\u015fmalar\u0131 daha \u00f6nceki ara\u00e7lar\u0131m\u0131zda da oldu\u011fu gibi tasar\u0131m ve analiz a\u015famalar\u0131ndan titizlikle ge\u00e7ti.<br><\/p>\t\t\t\t\t\t\t\t<\/div>\n\t\t\t\t<\/div>\n\t\t\t\t\t<\/div>\n\t\t<\/div>\n\t\t\t\t\t<\/div>\n\t\t<\/section>\n\t\t\t\t<section class=\"elementor-section elementor-top-section elementor-element elementor-element-09b5c2b elementor-section-boxed elementor-section-height-default elementor-section-height-default\" data-id=\"09b5c2b\" data-element_type=\"section\" data-e-type=\"section\">\n\t\t\t\t\t\t<div class=\"elementor-container elementor-column-gap-default\">\n\t\t\t\t\t<div class=\"elementor-column elementor-col-100 elementor-top-column elementor-element elementor-element-03621a9\" data-id=\"03621a9\" data-element_type=\"column\" data-e-type=\"column\">\n\t\t\t<div class=\"elementor-widget-wrap elementor-element-populated\">\n\t\t\t\t\t\t\t<\/div>\n\t\t<\/div>\n\t\t\t\t\t<\/div>\n\t\t<\/section>\n\t\t\t\t<section class=\"elementor-section elementor-top-section elementor-element elementor-element-d559c01 elementor-section-boxed elementor-section-height-default elementor-section-height-default\" data-id=\"d559c01\" data-element_type=\"section\" data-e-type=\"section\">\n\t\t\t\t\t\t<div class=\"elementor-container elementor-column-gap-default\">\n\t\t\t\t\t<div class=\"elementor-column elementor-col-100 elementor-top-column elementor-element elementor-element-a2a4f30\" data-id=\"a2a4f30\" data-element_type=\"column\" data-e-type=\"column\">\n\t\t\t<div class=\"elementor-widget-wrap elementor-element-populated\">\n\t\t\t\t\t\t<div class=\"elementor-element elementor-element-9d9809d elementor-widget elementor-widget-text-editor\" data-id=\"9d9809d\" data-element_type=\"widget\" data-e-type=\"widget\" data-widget_type=\"text-editor.default\">\n\t\t\t\t<div class=\"elementor-widget-container\">\n\t\t\t\t\t\t\t\t\t<p style=\"text-align: center;\">Ba\u015far\u0131l\u0131 \u00fcretim s\u00fcrecinin ard\u0131ndan, \u00e7ok k\u0131sa bir s\u00fcre zarf\u0131nda testlerde de beklentileri fazlas\u0131yla kar\u015f\u0131layan S7 arac\u0131m\u0131z T\u00fcrkiye\u2019deki Formula G 2013\u2019e ve World Solar Challenge 2013\u2019e kat\u0131larak 2 ayr\u0131 k\u0131tada yar\u0131\u015ft\u0131.&nbsp;<span style=\"font-size: inherit;\">4.6 metre olan arac\u0131m\u0131z\u0131 WSC yar\u0131\u015f\u0131nda maddi zorluklardan dolay\u0131 3 metrelik kargo kutusuna s\u0131\u011fd\u0131rmak i\u00e7in arac\u0131 ikiye b\u00f6lmek zorunda kald\u0131k. S\u0131ra d\u0131\u015f\u0131 \u00e7\u00f6z\u00fcm\u00fcm\u00fcz Avustralya\u2019da fazlas\u0131yla ilgi g\u00f6r\u00fcp, takdir toplad\u0131.&nbsp;<\/span><span style=\"font-size: inherit;\">Panel ve pil grubu hari\u00e7 di\u011fer sistemlerin kendi \u00fcretimimiz olmas\u0131 ve yar\u0131\u015f\u0131 kendi sistemlerimizle tamamlamam\u0131z bizim i\u00e7in g\u00fczel bir WSC ba\u015flang\u0131c\u0131yd\u0131. S7 hi\u00e7 \u015f\u00fcphesiz sonraki selefi, S8 i\u00e7in b\u00fcy\u00fck bir rol model oldu.<\/span><\/p>\t\t\t\t\t\t\t\t<\/div>\n\t\t\t\t<\/div>\n\t\t\t\t\t<\/div>\n\t\t<\/div>\n\t\t\t\t\t<\/div>\n\t\t<\/section>\n\t\t\t\t<section class=\"elementor-section elementor-top-section elementor-element elementor-element-e0c8158 elementor-section-boxed elementor-section-height-default elementor-section-height-default\" data-id=\"e0c8158\" data-element_type=\"section\" data-e-type=\"section\">\n\t\t\t\t\t\t<div class=\"elementor-container elementor-column-gap-default\">\n\t\t\t\t\t<div class=\"elementor-column elementor-col-100 elementor-top-column elementor-element elementor-element-6887cf7\" data-id=\"6887cf7\" data-element_type=\"column\" data-e-type=\"column\">\n\t\t\t<div class=\"elementor-widget-wrap elementor-element-populated\">\n\t\t\t\t\t\t<div class=\"elementor-element elementor-element-4ddd683 elementor-widget elementor-widget-spacer\" data-id=\"4ddd683\" data-element_type=\"widget\" data-e-type=\"widget\" data-widget_type=\"spacer.default\">\n\t\t\t\t<div class=\"elementor-widget-container\">\n\t\t\t\t\t\t\t<div class=\"elementor-spacer\">\n\t\t\t<div class=\"elementor-spacer-inner\"><\/div>\n\t\t<\/div>\n\t\t\t\t\t\t<\/div>\n\t\t\t\t<\/div>\n\t\t\t\t\t<\/div>\n\t\t<\/div>\n\t\t\t\t\t<\/div>\n\t\t<\/section>\n\t\t\t\t<section class=\"elementor-section elementor-top-section elementor-element elementor-element-b710ce3 elementor-section-boxed elementor-section-height-default elementor-section-height-default\" data-id=\"b710ce3\" data-element_type=\"section\" data-e-type=\"section\">\n\t\t\t\t\t\t<div class=\"elementor-container elementor-column-gap-default\">\n\t\t\t\t\t<div class=\"elementor-column elementor-col-100 elementor-top-column elementor-element elementor-element-aa5d6ac\" data-id=\"aa5d6ac\" data-element_type=\"column\" data-e-type=\"column\">\n\t\t\t<div class=\"elementor-widget-wrap elementor-element-populated\">\n\t\t\t\t\t\t<div class=\"elementor-element elementor-element-ea9f00b elementor-widget elementor-widget-heading\" data-id=\"ea9f00b\" data-element_type=\"widget\" data-e-type=\"widget\" data-widget_type=\"heading.default\">\n\t\t\t\t<div class=\"elementor-widget-container\">\n\t\t\t\t\t<h2 class=\"elementor-heading-title elementor-size-default\">Kat\u0131ld\u0131\u011f\u0131 Yar\u0131\u015flar<\/h2>\t\t\t\t<\/div>\n\t\t\t\t<\/div>\n\t\t\t\t\t<\/div>\n\t\t<\/div>\n\t\t\t\t\t<\/div>\n\t\t<\/section>\n\t\t\t\t<section class=\"elementor-section elementor-top-section elementor-element elementor-element-3dbca35 elementor-section-boxed elementor-section-height-default elementor-section-height-default\" data-id=\"3dbca35\" data-element_type=\"section\" data-e-type=\"section\">\n\t\t\t\t\t\t<div class=\"elementor-container elementor-column-gap-default\">\n\t\t\t\t\t<div class=\"elementor-column elementor-col-16 elementor-top-column elementor-element elementor-element-8408b74\" data-id=\"8408b74\" data-element_type=\"column\" data-e-type=\"column\">\n\t\t\t<div class=\"elementor-widget-wrap\">\n\t\t\t\t\t\t\t<\/div>\n\t\t<\/div>\n\t\t\t\t<div class=\"elementor-column elementor-col-66 elementor-top-column elementor-element elementor-element-87f7507\" data-id=\"87f7507\" data-element_type=\"column\" data-e-type=\"column\">\n\t\t\t<div class=\"elementor-widget-wrap elementor-element-populated\">\n\t\t\t\t\t\t<div class=\"elementor-element elementor-element-1581a1e elementor-widget elementor-widget-shortcode\" data-id=\"1581a1e\" data-element_type=\"widget\" data-e-type=\"widget\" data-widget_type=\"shortcode.default\">\n\t\t\t\t<div class=\"elementor-widget-container\">\n\t\t\t\t\t\t\t<div class=\"elementor-shortcode\"><div id=\"footable_parent_5121\"\n         class=\"footable_parent ninja_table_wrapper loading_ninja_table wp_table_data_press_parent semantic_ui\">\n                <table data-ninja_table_instance=\"ninja_table_instance_0\" data-footable_id=\"5121\" data-filter-delay=\"1000\" aria-label=\"S7 Races\"            id=\"footable_5121\"\n           data-unique_identifier=\"ninja_table_unique_id_2802955960_5121\"\n           class=\"foo-table ninja_footable foo_table_5121 ninja_table_unique_id_2802955960_5121 ui table  nt_type_ajax_table selectable hide_vertical_borders striped vertical_centered  footable-paging-right ninja_table_search_disabled\">\n                <colgroup>\n                            <col class=\"ninja_column_0\">\n                            <col class=\"ninja_column_1\">\n                    <\/colgroup>\n            <\/table>\n    \n    \n    \n<\/div>\n<\/div>\n\t\t\t\t\t\t<\/div>\n\t\t\t\t<\/div>\n\t\t\t\t\t<\/div>\n\t\t<\/div>\n\t\t\t\t<div class=\"elementor-column elementor-col-16 elementor-top-column elementor-element elementor-element-95ac552\" data-id=\"95ac552\" data-element_type=\"column\" data-e-type=\"column\">\n\t\t\t<div class=\"elementor-widget-wrap\">\n\t\t\t\t\t\t\t<\/div>\n\t\t<\/div>\n\t\t\t\t\t<\/div>\n\t\t<\/section>\n\t\t\t\t<section class=\"elementor-section elementor-top-section elementor-element elementor-element-1821b29 elementor-section-boxed elementor-section-height-default elementor-section-height-default\" data-id=\"1821b29\" data-element_type=\"section\" data-e-type=\"section\">\n\t\t\t\t\t\t<div class=\"elementor-container elementor-column-gap-default\">\n\t\t\t\t\t<div class=\"elementor-column elementor-col-100 elementor-top-column elementor-element elementor-element-5bd11df\" data-id=\"5bd11df\" data-element_type=\"column\" data-e-type=\"column\">\n\t\t\t<div class=\"elementor-widget-wrap elementor-element-populated\">\n\t\t\t\t\t\t<div class=\"elementor-element elementor-element-4035aa0 elementor-widget elementor-widget-heading\" data-id=\"4035aa0\" data-element_type=\"widget\" data-e-type=\"widget\" data-widget_type=\"heading.default\">\n\t\t\t\t<div class=\"elementor-widget-container\">\n\t\t\t\t\t<h2 class=\"elementor-heading-title elementor-size-default\">Ara\u00e7 \u00d6zellikleri<\/h2>\t\t\t\t<\/div>\n\t\t\t\t<\/div>\n\t\t\t\t\t<\/div>\n\t\t<\/div>\n\t\t\t\t\t<\/div>\n\t\t<\/section>\n\t\t\t\t<section class=\"elementor-section elementor-top-section elementor-element elementor-element-f8bdc91 elementor-section-boxed elementor-section-height-default elementor-section-height-default\" data-id=\"f8bdc91\" data-element_type=\"section\" data-e-type=\"section\">\n\t\t\t\t\t\t<div class=\"elementor-container elementor-column-gap-default\">\n\t\t\t\t\t<div class=\"elementor-column elementor-col-25 elementor-top-column elementor-element elementor-element-601d025\" data-id=\"601d025\" data-element_type=\"column\" data-e-type=\"column\">\n\t\t\t<div class=\"elementor-widget-wrap\">\n\t\t\t\t\t\t\t<\/div>\n\t\t<\/div>\n\t\t\t\t<div class=\"elementor-column elementor-col-50 elementor-top-column elementor-element elementor-element-8c21a22\" data-id=\"8c21a22\" data-element_type=\"column\" data-e-type=\"column\">\n\t\t\t<div class=\"elementor-widget-wrap elementor-element-populated\">\n\t\t\t\t\t\t<div class=\"elementor-element elementor-element-d703478 elementor-widget elementor-widget-shortcode\" data-id=\"d703478\" data-element_type=\"widget\" data-e-type=\"widget\" data-widget_type=\"shortcode.default\">\n\t\t\t\t<div class=\"elementor-widget-container\">\n\t\t\t\t\t<style>.elementor-element-d703478{display:none !important}<\/style>\t\t\t\t<\/div>\n\t\t\t\t<\/div>\n\t\t\t\t<div class=\"elementor-element elementor-element-8d5b002 elementor-widget elementor-widget-shortcode\" data-id=\"8d5b002\" data-element_type=\"widget\" data-e-type=\"widget\" data-no-translation=\"\" data-widget_type=\"shortcode.default\">\n\t\t\t\t<div class=\"elementor-widget-container\">\n\t\t\t\t\t\t\t<div class=\"elementor-shortcode\"><div id=\"footable_parent_5068\"\n         class=\"footable_parent ninja_table_wrapper loading_ninja_table wp_table_data_press_parent semantic_ui\">\n                <table data-ninja_table_instance=\"ninja_table_instance_2\" data-footable_id=\"5068\" data-filter-delay=\"1000\" aria-label=\"S7 Specifications TR\"            id=\"footable_5068\"\n           data-unique_identifier=\"ninja_table_unique_id_2780562569_5068\"\n           class=\"foo-table ninja_footable foo_table_5068 ninja_table_unique_id_2780562569_5068 ui table  nt_type_ajax_table selectable hide_vertical_borders striped vertical_centered  footable-paging-right ninja_table_search_disabled\">\n                <colgroup>\n                            <col class=\"ninja_column_0\">\n                            <col class=\"ninja_column_1\">\n                    <\/colgroup>\n            <\/table>\n    \n    \n    \n<\/div>\n<\/div>\n\t\t\t\t\t\t<\/div>\n\t\t\t\t<\/div>\n\t\t\t\t\t<\/div>\n\t\t<\/div>\n\t\t\t\t<div class=\"elementor-column elementor-col-25 elementor-top-column elementor-element elementor-element-702f973\" data-id=\"702f973\" data-element_type=\"column\" data-e-type=\"column\">\n\t\t\t<div class=\"elementor-widget-wrap\">\n\t\t\t\t\t\t\t<\/div>\n\t\t<\/div>\n\t\t\t\t\t<\/div>\n\t\t<\/section>\n\t\t\t\t<\/div>","protected":false},"excerpt":{"rendered":"<p>S7 In 2013, preperation of or S7 car is also like in our previous cars has passed throught design and analysis processes. Following the succesful production process, S7 was satisfied the expectations on the tests in a very short time. S7 participated two races on two countries in 2013. These [&hellip;]<\/p>\n","protected":false},"author":1,"featured_media":0,"parent":0,"menu_order":0,"comment_status":"closed","ping_status":"closed","template":"page-templates\/template-pagebuilder-full-width.php","meta":{"_eb_attr":"","_themeisle_gutenberg_block_has_review":false,"footnotes":""},"class_list":["post-4864","page","type-page","status-publish","hentry"],"aioseo_notices":[],"_links":{"self":[{"href":"https:\/\/teamsolaris.com\/tr\/wp-json\/wp\/v2\/pages\/4864","targetHints":{"allow":["GET"]}}],"collection":[{"href":"https:\/\/teamsolaris.com\/tr\/wp-json\/wp\/v2\/pages"}],"about":[{"href":"https:\/\/teamsolaris.com\/tr\/wp-json\/wp\/v2\/types\/page"}],"author":[{"embeddable":true,"href":"https:\/\/teamsolaris.com\/tr\/wp-json\/wp\/v2\/users\/1"}],"replies":[{"embeddable":true,"href":"https:\/\/teamsolaris.com\/tr\/wp-json\/wp\/v2\/comments?post=4864"}],"version-history":[{"count":9,"href":"https:\/\/teamsolaris.com\/tr\/wp-json\/wp\/v2\/pages\/4864\/revisions"}],"predecessor-version":[{"id":8022,"href":"https:\/\/teamsolaris.com\/tr\/wp-json\/wp\/v2\/pages\/4864\/revisions\/8022"}],"wp:attachment":[{"href":"https:\/\/teamsolaris.com\/tr\/wp-json\/wp\/v2\/media?parent=4864"}],"curies":[{"name":"wp","href":"https:\/\/api.w.org\/{rel}","templated":true}]}}