{"id":4848,"date":"2020-03-10T07:20:06","date_gmt":"2020-03-10T07:20:06","guid":{"rendered":"https:\/\/teamsolaris.com\/?page_id=4848"},"modified":"2021-10-10T19:37:43","modified_gmt":"2021-10-10T16:37:43","slug":"s8","status":"publish","type":"page","link":"https:\/\/teamsolaris.com\/tr\/s8\/","title":{"rendered":"S8"},"content":{"rendered":"<div data-elementor-type=\"wp-page\" data-elementor-id=\"4848\" class=\"elementor elementor-4848\">\n\t\t\t\t\t\t<section class=\"elementor-section elementor-top-section elementor-element elementor-element-2f56a18 elementor-section-boxed elementor-section-height-default elementor-section-height-default\" data-id=\"2f56a18\" data-element_type=\"section\" data-e-type=\"section\">\n\t\t\t\t\t\t<div class=\"elementor-container elementor-column-gap-default\">\n\t\t\t\t\t<div class=\"elementor-column elementor-col-100 elementor-top-column elementor-element elementor-element-d67f58b\" data-id=\"d67f58b\" data-element_type=\"column\" data-e-type=\"column\">\n\t\t\t<div class=\"elementor-widget-wrap elementor-element-populated\">\n\t\t\t\t\t\t\t<\/div>\n\t\t<\/div>\n\t\t\t\t\t<\/div>\n\t\t<\/section>\n\t\t\t\t<section class=\"elementor-section elementor-top-section elementor-element elementor-element-ee1e2db elementor-section-boxed elementor-section-height-default elementor-section-height-default\" data-id=\"ee1e2db\" data-element_type=\"section\" data-e-type=\"section\">\n\t\t\t\t\t\t<div class=\"elementor-container elementor-column-gap-default\">\n\t\t\t\t\t<div class=\"elementor-column elementor-col-100 elementor-top-column elementor-element elementor-element-10f92a3\" data-id=\"10f92a3\" data-element_type=\"column\" data-e-type=\"column\">\n\t\t\t<div class=\"elementor-widget-wrap elementor-element-populated\">\n\t\t\t\t\t\t<div class=\"elementor-element elementor-element-2af00da elementor-widget elementor-widget-heading\" data-id=\"2af00da\" data-element_type=\"widget\" data-e-type=\"widget\" data-widget_type=\"heading.default\">\n\t\t\t\t<div class=\"elementor-widget-container\">\n\t\t\t\t\t<h1 class=\"elementor-heading-title elementor-size-default\">S8<\/h1>\t\t\t\t<\/div>\n\t\t\t\t<\/div>\n\t\t\t\t<div class=\"elementor-element elementor-element-bb7ea28 elementor-widget-divider--view-line elementor-widget elementor-widget-divider\" data-id=\"bb7ea28\" data-element_type=\"widget\" data-e-type=\"widget\" data-widget_type=\"divider.default\">\n\t\t\t\t<div class=\"elementor-widget-container\">\n\t\t\t\t\t\t\t<div class=\"elementor-divider\">\n\t\t\t<span class=\"elementor-divider-separator\">\n\t\t\t\t\t\t<\/span>\n\t\t<\/div>\n\t\t\t\t\t\t<\/div>\n\t\t\t\t<\/div>\n\t\t\t\t\t<\/div>\n\t\t<\/div>\n\t\t\t\t\t<\/div>\n\t\t<\/section>\n\t\t\t\t<section class=\"elementor-section elementor-top-section elementor-element elementor-element-5866b63 elementor-section-boxed elementor-section-height-default elementor-section-height-default\" data-id=\"5866b63\" data-element_type=\"section\" data-e-type=\"section\">\n\t\t\t\t\t\t<div class=\"elementor-container elementor-column-gap-default\">\n\t\t\t\t\t<div class=\"elementor-column elementor-col-100 elementor-top-column elementor-element elementor-element-4b42aeb\" data-id=\"4b42aeb\" data-element_type=\"column\" data-e-type=\"column\">\n\t\t\t<div class=\"elementor-widget-wrap elementor-element-populated\">\n\t\t\t\t\t\t<div class=\"elementor-element elementor-element-2e66c87 elementor-widget elementor-widget-text-editor\" data-id=\"2e66c87\" data-element_type=\"widget\" data-e-type=\"widget\" data-widget_type=\"text-editor.default\">\n\t\t\t\t<div class=\"elementor-widget-container\">\n\t\t\t\t\t\t\t\t\t<p style=\"text-align: center;\">2015 y\u0131l\u0131nda \u00fcretilen 5. g\u00fcne\u015f arabam\u0131z olan S8 en ba\u015far\u0131l\u0131 arac\u0131m\u0131z konumunda olup ekibimiz i\u00e7in gurur kayna\u011f\u0131d\u0131r. Halen daha faal olarak yar\u0131\u015flara kat\u0131lmaktad\u0131r.<\/p>\t\t\t\t\t\t\t\t<\/div>\n\t\t\t\t<\/div>\n\t\t\t\t\t<\/div>\n\t\t<\/div>\n\t\t\t\t\t<\/div>\n\t\t<\/section>\n\t\t\t\t<section class=\"elementor-section elementor-top-section elementor-element elementor-element-1374097 elementor-section-boxed elementor-section-height-default elementor-section-height-default\" data-id=\"1374097\" data-element_type=\"section\" data-e-type=\"section\">\n\t\t\t\t\t\t<div class=\"elementor-container elementor-column-gap-default\">\n\t\t\t\t\t<div class=\"elementor-column elementor-col-100 elementor-top-column elementor-element elementor-element-f1dd21a\" data-id=\"f1dd21a\" data-element_type=\"column\" data-e-type=\"column\">\n\t\t\t<div class=\"elementor-widget-wrap elementor-element-populated\">\n\t\t\t\t\t\t\t<\/div>\n\t\t<\/div>\n\t\t\t\t\t<\/div>\n\t\t<\/section>\n\t\t\t\t<section class=\"elementor-section elementor-top-section elementor-element elementor-element-dea0b36 elementor-section-boxed elementor-section-height-default elementor-section-height-default\" data-id=\"dea0b36\" data-element_type=\"section\" data-e-type=\"section\">\n\t\t\t\t\t\t<div class=\"elementor-container elementor-column-gap-default\">\n\t\t\t\t\t<div class=\"elementor-column elementor-col-100 elementor-top-column elementor-element elementor-element-f02636d\" data-id=\"f02636d\" data-element_type=\"column\" data-e-type=\"column\">\n\t\t\t<div class=\"elementor-widget-wrap elementor-element-populated\">\n\t\t\t\t\t\t<div class=\"elementor-element elementor-element-29b6e20 elementor-widget elementor-widget-text-editor\" data-id=\"29b6e20\" data-element_type=\"widget\" data-e-type=\"widget\" data-widget_type=\"text-editor.default\">\n\t\t\t\t<div class=\"elementor-widget-container\">\n\t\t\t\t\t\t\t\t\t<p style=\"text-align: center;\">Yeni arac\u0131m\u0131z\u0131n aerodinamik dizayn\u0131 tamamen ekibimiz taraf\u0131ndan yap\u0131ld\u0131. Yeni tasar\u0131mda arac\u0131n boyutlar\u0131 yine yar\u0131\u015f formatlar\u0131na uygun olacak \u015fekilde ve panel y\u00fczey alan\u0131n\u0131 artt\u0131rmak amac\u0131yla geni\u015f tutuldu. G\u00f6vde; ta\u015f\u0131y\u0131c\u0131 aksamlar, s\u00fcr\u00fcc\u00fc konsolu ve di\u011fer ara\u00e7 i\u00e7i mekanizmalar dahil olmak \u00fczere karbon fiberden olu\u015fuyor.<\/p>\t\t\t\t\t\t\t\t<\/div>\n\t\t\t\t<\/div>\n\t\t\t\t<div class=\"elementor-element elementor-element-9d9809d elementor-widget elementor-widget-text-editor\" data-id=\"9d9809d\" data-element_type=\"widget\" data-e-type=\"widget\" data-widget_type=\"text-editor.default\">\n\t\t\t\t<div class=\"elementor-widget-container\">\n\t\t\t\t\t\t\t\t\t<p style=\"text-align: center;\">G\u00fcne\u015ften gelen enerjinin kazan\u0131m\u0131nda verimlili\u011fi ciddi \u00f6l\u00e7\u00fcde belirleyen MPPT (Maksimum G\u00fc\u00e7 Noktas\u0131 \u0130zleyicisi) ile arac\u0131n enerjisinin enerjisini ve g\u00fcvenli\u011fini takip etmek i\u00e7in kulland\u0131\u011f\u0131m\u0131z BMS (Batarya Y\u00f6netim Sistemi) yine ekibimiz taraf\u0131ndan tasarlan\u0131p \u00fcretildi. G\u00fcne\u015f paneli teknolojisi olarak y\u00fczde 22.8 verime sahip monokristal yap\u0131da yar\u0131 esnek panelleri kulland\u0131k. Genel olarak bakt\u0131\u011f\u0131m\u0131zda arac\u0131m\u0131z\u0131n pil ve panel grubu hari\u00e7 b\u00fct\u00fcn sistemleri ekibimiz taraf\u0131ndan tasarlan\u0131p, \u00fcretilmi\u015ftir.<\/p>\t\t\t\t\t\t\t\t<\/div>\n\t\t\t\t<\/div>\n\t\t\t\t\t<\/div>\n\t\t<\/div>\n\t\t\t\t\t<\/div>\n\t\t<\/section>\n\t\t\t\t<section class=\"elementor-section elementor-top-section elementor-element elementor-element-e0c8158 elementor-section-boxed elementor-section-height-default elementor-section-height-default\" data-id=\"e0c8158\" data-element_type=\"section\" data-e-type=\"section\">\n\t\t\t\t\t\t<div class=\"elementor-container elementor-column-gap-default\">\n\t\t\t\t\t<div class=\"elementor-column elementor-col-100 elementor-top-column elementor-element elementor-element-6887cf7\" data-id=\"6887cf7\" data-element_type=\"column\" data-e-type=\"column\">\n\t\t\t<div class=\"elementor-widget-wrap elementor-element-populated\">\n\t\t\t\t\t\t<div class=\"elementor-element elementor-element-4ddd683 elementor-widget elementor-widget-spacer\" data-id=\"4ddd683\" data-element_type=\"widget\" data-e-type=\"widget\" data-widget_type=\"spacer.default\">\n\t\t\t\t<div class=\"elementor-widget-container\">\n\t\t\t\t\t\t\t<div class=\"elementor-spacer\">\n\t\t\t<div class=\"elementor-spacer-inner\"><\/div>\n\t\t<\/div>\n\t\t\t\t\t\t<\/div>\n\t\t\t\t<\/div>\n\t\t\t\t\t<\/div>\n\t\t<\/div>\n\t\t\t\t\t<\/div>\n\t\t<\/section>\n\t\t\t\t<section class=\"elementor-section elementor-top-section elementor-element elementor-element-b710ce3 elementor-section-boxed elementor-section-height-default elementor-section-height-default\" data-id=\"b710ce3\" data-element_type=\"section\" data-e-type=\"section\">\n\t\t\t\t\t\t<div class=\"elementor-container elementor-column-gap-default\">\n\t\t\t\t\t<div class=\"elementor-column elementor-col-100 elementor-top-column elementor-element elementor-element-aa5d6ac\" data-id=\"aa5d6ac\" data-element_type=\"column\" data-e-type=\"column\">\n\t\t\t<div class=\"elementor-widget-wrap elementor-element-populated\">\n\t\t\t\t\t\t<div class=\"elementor-element elementor-element-d250219 elementor-widget elementor-widget-heading\" data-id=\"d250219\" data-element_type=\"widget\" data-e-type=\"widget\" data-widget_type=\"heading.default\">\n\t\t\t\t<div class=\"elementor-widget-container\">\n\t\t\t\t\t<h2 class=\"elementor-heading-title elementor-size-default\">Kat\u0131ld\u0131\u011f\u0131 Yar\u0131\u015flar<\/h2>\t\t\t\t<\/div>\n\t\t\t\t<\/div>\n\t\t\t\t\t<\/div>\n\t\t<\/div>\n\t\t\t\t\t<\/div>\n\t\t<\/section>\n\t\t\t\t<section class=\"elementor-section elementor-top-section elementor-element elementor-element-7dbaed7 elementor-section-boxed elementor-section-height-default elementor-section-height-default\" data-id=\"7dbaed7\" data-element_type=\"section\" data-e-type=\"section\">\n\t\t\t\t\t\t<div class=\"elementor-container elementor-column-gap-default\">\n\t\t\t\t\t<div class=\"elementor-column elementor-col-16 elementor-top-column elementor-element elementor-element-119e6c4\" data-id=\"119e6c4\" data-element_type=\"column\" data-e-type=\"column\">\n\t\t\t<div class=\"elementor-widget-wrap\">\n\t\t\t\t\t\t\t<\/div>\n\t\t<\/div>\n\t\t\t\t<div class=\"elementor-column elementor-col-66 elementor-top-column elementor-element elementor-element-18758ee\" data-id=\"18758ee\" data-element_type=\"column\" data-e-type=\"column\">\n\t\t\t<div class=\"elementor-widget-wrap elementor-element-populated\">\n\t\t\t\t\t\t<div class=\"elementor-element elementor-element-6e6116f elementor-widget elementor-widget-shortcode\" data-id=\"6e6116f\" data-element_type=\"widget\" data-e-type=\"widget\" data-widget_type=\"shortcode.default\">\n\t\t\t\t<div class=\"elementor-widget-container\">\n\t\t\t\t\t\t\t<div class=\"elementor-shortcode\"><div id=\"footable_parent_5116\"\n         class=\"footable_parent ninja_table_wrapper loading_ninja_table wp_table_data_press_parent semantic_ui\">\n                <table data-ninja_table_instance=\"ninja_table_instance_0\" data-footable_id=\"5116\" data-filter-delay=\"1000\" aria-label=\"S8 Races\"            id=\"footable_5116\"\n           data-unique_identifier=\"ninja_table_unique_id_3299004259_5116\"\n           class=\"foo-table ninja_footable foo_table_5116 ninja_table_unique_id_3299004259_5116 ui table  nt_type_ajax_table selectable hide_vertical_borders striped vertical_centered  footable-paging-right ninja_table_search_disabled\">\n                <colgroup>\n                            <col class=\"ninja_column_0\">\n                            <col class=\"ninja_column_1\">\n                    <\/colgroup>\n            <\/table>\n    \n    \n    \n<\/div>\n<\/div>\n\t\t\t\t\t\t<\/div>\n\t\t\t\t<\/div>\n\t\t\t\t\t<\/div>\n\t\t<\/div>\n\t\t\t\t<div class=\"elementor-column elementor-col-16 elementor-top-column elementor-element elementor-element-0dce160\" data-id=\"0dce160\" data-element_type=\"column\" data-e-type=\"column\">\n\t\t\t<div class=\"elementor-widget-wrap\">\n\t\t\t\t\t\t\t<\/div>\n\t\t<\/div>\n\t\t\t\t\t<\/div>\n\t\t<\/section>\n\t\t\t\t<section class=\"elementor-section elementor-top-section elementor-element elementor-element-78b63bd elementor-section-boxed elementor-section-height-default elementor-section-height-default\" data-id=\"78b63bd\" data-element_type=\"section\" data-e-type=\"section\">\n\t\t\t\t\t\t<div class=\"elementor-container elementor-column-gap-default\">\n\t\t\t\t\t<div class=\"elementor-column elementor-col-100 elementor-top-column elementor-element elementor-element-61a3c7b\" data-id=\"61a3c7b\" data-element_type=\"column\" data-e-type=\"column\">\n\t\t\t<div class=\"elementor-widget-wrap elementor-element-populated\">\n\t\t\t\t\t\t<div class=\"elementor-element elementor-element-10fd7a1 elementor-widget elementor-widget-heading\" data-id=\"10fd7a1\" data-element_type=\"widget\" data-e-type=\"widget\" data-widget_type=\"heading.default\">\n\t\t\t\t<div class=\"elementor-widget-container\">\n\t\t\t\t\t<h2 class=\"elementor-heading-title elementor-size-default\">Ara\u00e7 \u00d6zellikleri<\/h2>\t\t\t\t<\/div>\n\t\t\t\t<\/div>\n\t\t\t\t\t<\/div>\n\t\t<\/div>\n\t\t\t\t\t<\/div>\n\t\t<\/section>\n\t\t\t\t<section class=\"elementor-section elementor-top-section elementor-element elementor-element-f8bdc91 elementor-section-boxed elementor-section-height-default elementor-section-height-default\" data-id=\"f8bdc91\" data-element_type=\"section\" data-e-type=\"section\">\n\t\t\t\t\t\t<div class=\"elementor-container elementor-column-gap-default\">\n\t\t\t\t\t<div class=\"elementor-column elementor-col-25 elementor-top-column elementor-element elementor-element-601d025\" data-id=\"601d025\" data-element_type=\"column\" data-e-type=\"column\">\n\t\t\t<div class=\"elementor-widget-wrap\">\n\t\t\t\t\t\t\t<\/div>\n\t\t<\/div>\n\t\t\t\t<div class=\"elementor-column elementor-col-50 elementor-top-column elementor-element elementor-element-8c21a22\" data-id=\"8c21a22\" data-element_type=\"column\" data-e-type=\"column\">\n\t\t\t<div class=\"elementor-widget-wrap elementor-element-populated\">\n\t\t\t\t\t\t<div class=\"elementor-element elementor-element-d703478 elementor-widget elementor-widget-shortcode\" data-id=\"d703478\" data-element_type=\"widget\" data-e-type=\"widget\" data-widget_type=\"shortcode.default\">\n\t\t\t\t<div class=\"elementor-widget-container\">\n\t\t\t\t\t<style>.elementor-element-d703478{display:none !important}<\/style>\t\t\t\t<\/div>\n\t\t\t\t<\/div>\n\t\t\t\t<div class=\"elementor-element elementor-element-deb5dc1 elementor-widget elementor-widget-shortcode\" data-id=\"deb5dc1\" data-element_type=\"widget\" data-e-type=\"widget\" data-no-translation=\"\" data-widget_type=\"shortcode.default\">\n\t\t\t\t<div class=\"elementor-widget-container\">\n\t\t\t\t\t\t\t<div class=\"elementor-shortcode\"><div id=\"footable_parent_5069\"\n         class=\"footable_parent ninja_table_wrapper loading_ninja_table wp_table_data_press_parent semantic_ui\">\n                <table data-ninja_table_instance=\"ninja_table_instance_2\" data-footable_id=\"5069\" data-filter-delay=\"1000\" aria-label=\"S8 Specifications TR\"            id=\"footable_5069\"\n           data-unique_identifier=\"ninja_table_unique_id_1611264271_5069\"\n           class=\"foo-table ninja_footable foo_table_5069 ninja_table_unique_id_1611264271_5069 ui table  nt_type_ajax_table selectable hide_vertical_borders striped vertical_centered  footable-paging-right ninja_table_search_disabled\">\n                <colgroup>\n                            <col class=\"ninja_column_0\">\n                            <col class=\"ninja_column_1\">\n                    <\/colgroup>\n            <\/table>\n    \n    \n    \n<\/div>\n<\/div>\n\t\t\t\t\t\t<\/div>\n\t\t\t\t<\/div>\n\t\t\t\t\t<\/div>\n\t\t<\/div>\n\t\t\t\t<div class=\"elementor-column elementor-col-25 elementor-top-column elementor-element elementor-element-702f973\" data-id=\"702f973\" data-element_type=\"column\" data-e-type=\"column\">\n\t\t\t<div class=\"elementor-widget-wrap\">\n\t\t\t\t\t\t\t<\/div>\n\t\t<\/div>\n\t\t\t\t\t<\/div>\n\t\t<\/section>\n\t\t\t\t<\/div>","protected":false},"excerpt":{"rendered":"<p>S8 Our fifth solar vehicle S8, which was produced in 2015, is our most successful vehicle and is a source of pride for our team. It is still actively participating in the races. In the new design, the dimensions of the car were kept wide to suit racing formats and [&hellip;]<\/p>\n","protected":false},"author":1,"featured_media":0,"parent":0,"menu_order":0,"comment_status":"closed","ping_status":"closed","template":"page-templates\/template-pagebuilder-full-width.php","meta":{"_eb_attr":"","_themeisle_gutenberg_block_has_review":false,"footnotes":""},"class_list":["post-4848","page","type-page","status-publish","hentry"],"aioseo_notices":[],"_links":{"self":[{"href":"https:\/\/teamsolaris.com\/tr\/wp-json\/wp\/v2\/pages\/4848","targetHints":{"allow":["GET"]}}],"collection":[{"href":"https:\/\/teamsolaris.com\/tr\/wp-json\/wp\/v2\/pages"}],"about":[{"href":"https:\/\/teamsolaris.com\/tr\/wp-json\/wp\/v2\/types\/page"}],"author":[{"embeddable":true,"href":"https:\/\/teamsolaris.com\/tr\/wp-json\/wp\/v2\/users\/1"}],"replies":[{"embeddable":true,"href":"https:\/\/teamsolaris.com\/tr\/wp-json\/wp\/v2\/comments?post=4848"}],"version-history":[{"count":6,"href":"https:\/\/teamsolaris.com\/tr\/wp-json\/wp\/v2\/pages\/4848\/revisions"}],"predecessor-version":[{"id":8016,"href":"https:\/\/teamsolaris.com\/tr\/wp-json\/wp\/v2\/pages\/4848\/revisions\/8016"}],"wp:attachment":[{"href":"https:\/\/teamsolaris.com\/tr\/wp-json\/wp\/v2\/media?parent=4848"}],"curies":[{"name":"wp","href":"https:\/\/api.w.org\/{rel}","templated":true}]}}