{"id":4722,"date":"2020-03-06T10:13:03","date_gmt":"2020-03-06T10:13:03","guid":{"rendered":"https:\/\/teamsolaris.com\/?page_id=4722"},"modified":"2025-10-21T20:53:39","modified_gmt":"2025-10-21T17:53:39","slug":"contact","status":"publish","type":"page","link":"https:\/\/teamsolaris.com\/tr\/contact\/","title":{"rendered":"\u0130leti\u015fim"},"content":{"rendered":"<div data-elementor-type=\"wp-page\" data-elementor-id=\"4722\" class=\"elementor elementor-4722\">\n\t\t\t\t\t\t<section class=\"elementor-section elementor-top-section elementor-element elementor-element-c6330c8 elementor-section-boxed elementor-section-height-default elementor-section-height-default\" data-id=\"c6330c8\" data-element_type=\"section\" data-e-type=\"section\" data-settings=\"{&quot;background_background&quot;:&quot;classic&quot;}\">\n\t\t\t\t\t\t<div class=\"elementor-container elementor-column-gap-default\">\n\t\t\t\t\t<div class=\"elementor-column elementor-col-100 elementor-top-column elementor-element elementor-element-896c7b3\" data-id=\"896c7b3\" data-element_type=\"column\" data-e-type=\"column\">\n\t\t\t<div class=\"elementor-widget-wrap elementor-element-populated\">\n\t\t\t\t\t\t\t<\/div>\n\t\t<\/div>\n\t\t\t\t\t<\/div>\n\t\t<\/section>\n\t\t\t\t<section class=\"elementor-section elementor-top-section elementor-element elementor-element-f2c4314 elementor-section-boxed elementor-section-height-default elementor-section-height-default\" data-id=\"f2c4314\" data-element_type=\"section\" data-e-type=\"section\" data-settings=\"{&quot;background_background&quot;:&quot;classic&quot;}\">\n\t\t\t\t\t\t<div class=\"elementor-container elementor-column-gap-default\">\n\t\t\t\t\t<div class=\"elementor-column elementor-col-100 elementor-top-column elementor-element elementor-element-65a526c\" data-id=\"65a526c\" data-element_type=\"column\" data-e-type=\"column\">\n\t\t\t<div class=\"elementor-widget-wrap elementor-element-populated\">\n\t\t\t\t\t\t<div class=\"elementor-element elementor-element-8b943d7 elementor-widget elementor-widget-heading\" data-id=\"8b943d7\" data-element_type=\"widget\" data-e-type=\"widget\" data-widget_type=\"heading.default\">\n\t\t\t\t<div class=\"elementor-widget-container\">\n\t\t\t\t\t<h1 class=\"elementor-heading-title elementor-size-default\">Bize Ula\u015f\u0131n<\/h1>\t\t\t\t<\/div>\n\t\t\t\t<\/div>\n\t\t\t\t\t<\/div>\n\t\t<\/div>\n\t\t\t\t\t<\/div>\n\t\t<\/section>\n\t\t\t\t<section class=\"elementor-section elementor-top-section elementor-element elementor-element-03034d2 elementor-section-boxed elementor-section-height-default elementor-section-height-default\" data-id=\"03034d2\" data-element_type=\"section\" data-e-type=\"section\">\n\t\t\t\t\t\t<div class=\"elementor-container elementor-column-gap-default\">\n\t\t\t\t\t<div class=\"elementor-column elementor-col-100 elementor-top-column elementor-element elementor-element-f657c60\" data-id=\"f657c60\" data-element_type=\"column\" data-e-type=\"column\">\n\t\t\t<div class=\"elementor-widget-wrap elementor-element-populated\">\n\t\t\t\t\t\t\t<\/div>\n\t\t<\/div>\n\t\t\t\t\t<\/div>\n\t\t<\/section>\n\t\t\t\t<section class=\"elementor-section elementor-top-section elementor-element elementor-element-a507650 elementor-section-content-space-around elementor-section-boxed elementor-section-height-default elementor-section-height-default\" data-id=\"a507650\" data-element_type=\"section\" data-e-type=\"section\">\n\t\t\t\t\t\t<div class=\"elementor-container elementor-column-gap-default\">\n\t\t\t\t\t<div class=\"elementor-column elementor-col-50 elementor-top-column elementor-element elementor-element-2b080ba\" data-id=\"2b080ba\" data-element_type=\"column\" data-e-type=\"column\">\n\t\t\t<div class=\"elementor-widget-wrap elementor-element-populated\">\n\t\t\t\t\t\t<section class=\"elementor-section elementor-inner-section elementor-element elementor-element-cd4564e elementor-section-content-space-around elementor-section-boxed elementor-section-height-default elementor-section-height-default\" data-id=\"cd4564e\" data-element_type=\"section\" data-e-type=\"section\">\n\t\t\t\t\t\t<div class=\"elementor-container elementor-column-gap-no\">\n\t\t\t\t\t<div class=\"elementor-column elementor-col-50 elementor-inner-column elementor-element elementor-element-0818458\" data-id=\"0818458\" data-element_type=\"column\" data-e-type=\"column\">\n\t\t\t<div class=\"elementor-widget-wrap elementor-element-populated\">\n\t\t\t\t\t\t<div class=\"elementor-element elementor-element-cfbb361 elementor-widget elementor-widget-image\" data-id=\"cfbb361\" data-element_type=\"widget\" data-e-type=\"widget\" data-widget_type=\"image.default\">\n\t\t\t\t<div class=\"elementor-widget-container\">\n\t\t\t\t\t\t\t\t\t\t\t\t\t\t\t<img fetchpriority=\"high\" decoding=\"async\" width=\"2048\" height=\"2048\" src=\"https:\/\/teamsolaris.com\/wp-content\/uploads\/2024\/12\/elmas-2.jpg\" class=\"attachment-full size-full wp-image-9773\" alt=\"\" srcset=\"https:\/\/teamsolaris.com\/wp-content\/uploads\/2024\/12\/elmas-2.jpg.webp 2048w, https:\/\/teamsolaris.com\/wp-content\/uploads\/2024\/12\/elmas-2-768x768.jpg.webp 768w, https:\/\/teamsolaris.com\/wp-content\/uploads\/2024\/12\/elmas-2-1536x1536.jpg.webp 1536w, https:\/\/teamsolaris.com\/wp-content\/uploads\/2024\/12\/elmas-2-12x12.jpg.webp 12w, https:\/\/teamsolaris.com\/wp-content\/uploads\/2024\/12\/elmas-2-600x600.jpg.webp 600w\" sizes=\"(max-width: 2048px) 100vw, 2048px\" \/>\t\t\t\t\t\t\t\t\t\t\t\t\t\t\t<\/div>\n\t\t\t\t<\/div>\n\t\t\t\t\t<\/div>\n\t\t<\/div>\n\t\t\t\t<div class=\"elementor-column elementor-col-50 elementor-inner-column elementor-element elementor-element-f97fe67\" data-id=\"f97fe67\" data-element_type=\"column\" data-e-type=\"column\">\n\t\t\t<div class=\"elementor-widget-wrap elementor-element-populated\">\n\t\t\t\t\t\t<div class=\"elementor-element elementor-element-a999793 eael-team-align-centered elementor-widget elementor-widget-eael-team-member\" data-id=\"a999793\" data-element_type=\"widget\" data-e-type=\"widget\" data-widget_type=\"eael-team-member.default\">\n\t\t\t\t<div class=\"elementor-widget-container\">\n\t\t\t\t\t\n\n\t<div id=\"eael-team-member-a999793\" class=\"eael-team-item eael-team-members-simple\">\n\t\t<div class=\"eael-team-item-inner\">\n\t\t\t<div class=\"eael-team-image\">\n\t\t\t\t<figure>\n\t\t\t\t\t\t\t\t\t<\/figure>\n\t\t\t\t\n\t\t\t\t\n\t\t\t<\/div>\n\n\t\t\t<div class=\"eael-team-content\">\n\t\t\t\t<h2 class=\"eael-team-member-name\">ELMAS BEYZA YILMAZ<\/h2><h3 class=\"eael-team-member-position\">Sponsorship - Organization - Corporate Relations and Media<\/h3>\n\t\t\t\t\t\t\t\t\t\t\t\t\t\t<p class=\"eael-team-text\"><b>E-mail:<\/b> <a href=\"mailto:e.b.yilmaz@teamsolaris.com\" target=\"_top\">e.b.yilmaz@teamsolaris.com<\/a>\n\n<br>\n\n<b>T:<\/b> <a href=\"tel:+905523262170\" target=\"_top\">+90 552 326 21 70<\/a><\/p>\n\t\t\t\t\t\t\t<\/div>\n\t\t<\/div>\n\t<\/div>\n\t\t\t\t\t<\/div>\n\t\t\t\t<\/div>\n\t\t\t\t\t<\/div>\n\t\t<\/div>\n\t\t\t\t\t<\/div>\n\t\t<\/section>\n\t\t\t\t<section class=\"elementor-section elementor-inner-section elementor-element elementor-element-df9d4f3 elementor-section-boxed elementor-section-height-default elementor-section-height-default\" data-id=\"df9d4f3\" data-element_type=\"section\" data-e-type=\"section\">\n\t\t\t\t\t\t<div class=\"elementor-container elementor-column-gap-no\">\n\t\t\t\t\t<div class=\"elementor-column elementor-col-50 elementor-inner-column elementor-element elementor-element-f407088\" data-id=\"f407088\" data-element_type=\"column\" data-e-type=\"column\">\n\t\t\t<div class=\"elementor-widget-wrap elementor-element-populated\">\n\t\t\t\t\t\t<div class=\"elementor-element elementor-element-a4439cb elementor-widget elementor-widget-image\" data-id=\"a4439cb\" data-element_type=\"widget\" data-e-type=\"widget\" data-widget_type=\"image.default\">\n\t\t\t\t<div class=\"elementor-widget-container\">\n\t\t\t\t\t\t\t\t\t\t\t\t\t\t\t<img decoding=\"async\" width=\"357\" height=\"357\" data-src=\"https:\/\/teamsolaris.com\/wp-content\/uploads\/2022\/01\/ag_kiyafetsiz.png\" class=\"attachment-large size-large wp-image-8131 lazyload\" alt=\"\" data-srcset=\"https:\/\/teamsolaris.com\/wp-content\/uploads\/2022\/01\/ag_kiyafetsiz.png 357w, https:\/\/teamsolaris.com\/wp-content\/uploads\/2022\/01\/ag_kiyafetsiz-12x12.png 12w\" data-sizes=\"(max-width: 357px) 100vw, 357px\" src=\"data:image\/svg+xml;base64,PHN2ZyB3aWR0aD0iMSIgaGVpZ2h0PSIxIiB4bWxucz0iaHR0cDovL3d3dy53My5vcmcvMjAwMC9zdmciPjwvc3ZnPg==\" style=\"--smush-placeholder-width: 357px; --smush-placeholder-aspect-ratio: 357\/357;\" \/>\t\t\t\t\t\t\t\t\t\t\t\t\t\t\t<\/div>\n\t\t\t\t<\/div>\n\t\t\t\t\t<\/div>\n\t\t<\/div>\n\t\t\t\t<div class=\"elementor-column elementor-col-50 elementor-inner-column elementor-element elementor-element-e799d99\" data-id=\"e799d99\" data-element_type=\"column\" data-e-type=\"column\">\n\t\t\t<div class=\"elementor-widget-wrap elementor-element-populated\">\n\t\t\t\t\t\t<div class=\"elementor-element elementor-element-c6d0eb8 eael-team-align-centered elementor-widget elementor-widget-eael-team-member\" data-id=\"c6d0eb8\" data-element_type=\"widget\" data-e-type=\"widget\" data-widget_type=\"eael-team-member.default\">\n\t\t\t\t<div class=\"elementor-widget-container\">\n\t\t\t\t\t\n\n\t<div id=\"eael-team-member-c6d0eb8\" class=\"eael-team-item eael-team-members-simple\">\n\t\t<div class=\"eael-team-item-inner\">\n\t\t\t<div class=\"eael-team-image\">\n\t\t\t\t<figure>\n\t\t\t\t\t\t\t\t\t<\/figure>\n\t\t\t\t\n\t\t\t\t\n\t\t\t<\/div>\n\n\t\t\t<div class=\"eael-team-content\">\n\t\t\t\t<h2 class=\"eael-team-member-name\">Do\u00e7. Dr. Ayta\u00e7 G\u00f6ren<\/h2><h3 class=\"eael-team-member-position\">Proje Y\u00fcr\u00fct\u00fcc\u00fcs\u00fc<\/h3>\n\t\t\t\t\t\t\t\t\t\t\t\t\t\t<p class=\"eael-team-text\"><\/p>\n\t\t\t\t\t\t\t<\/div>\n\t\t<\/div>\n\t<\/div>\n\t\t\t\t\t<\/div>\n\t\t\t\t<\/div>\n\t\t\t\t\t<\/div>\n\t\t<\/div>\n\t\t\t\t\t<\/div>\n\t\t<\/section>\n\t\t\t\t\t<\/div>\n\t\t<\/div>\n\t\t\t\t<div class=\"elementor-column elementor-col-50 elementor-top-column elementor-element elementor-element-6dfec5c\" data-id=\"6dfec5c\" data-element_type=\"column\" data-e-type=\"column\">\n\t\t\t<div class=\"elementor-widget-wrap elementor-element-populated\">\n\t\t\t\t\t\t<div class=\"elementor-element elementor-element-ffc1b9e elementor-widget elementor-widget-html\" data-id=\"ffc1b9e\" data-element_type=\"widget\" data-e-type=\"widget\" data-widget_type=\"html.default\">\n\t\t\t\t<div class=\"elementor-widget-container\">\n\t\t\t\t\t<h2 style=\"text-align: center;\"><span style=\"color: #194D9E;\"><strong>Adresimiz<\/strong><\/span><\/h2>\r\n<font size=\"4\">\r\n<p style=\"text-align: center;\"><span style=\"color: #000000;\">Dokuz Eyl\u00fcl \u00dcniversitesi T\u0131naztepe Yerle\u015fkesi <br\/>Makine M\u00fchendisli\u011fi B\u00f6l\u00fcm\u00fc, 3. Bodrum Kat Solaris Odas\u0131 <br\/>35397 Buca\/\u0130ZM\u0130R<\/span><\/p>\r\n&nbsp;\r\n<h2 style=\"text-align: center;\"><span style=\"color: #194D9E;\"><strong>\u0130leti\u015fim Bilgileri<\/strong><\/span><\/h2>\r\n<p style=\"text-align: center;\"><span style=\"color: #000000;\"><strong>Tel: <\/strong><a href=\"tel:+902323019233\">+90 232 301 92 33<\/a><\/span><\/p>\r\n<p style=\"text-align: center;\"><span style=\"color: #000000;\"><strong>Fax: <\/strong><a href=\"tel:+902323019204\">+90 232 301 92 04<\/a><\/span><\/p>\r\n<\/font>\t\t\t\t<\/div>\n\t\t\t\t<\/div>\n\t\t\t\t\t<\/div>\n\t\t<\/div>\n\t\t\t\t\t<\/div>\n\t\t<\/section>\n\t\t\t\t<section class=\"elementor-section elementor-top-section elementor-element elementor-element-ec933ca elementor-section-full_width elementor-section-stretched elementor-section-height-default elementor-section-height-default\" data-id=\"ec933ca\" data-element_type=\"section\" data-e-type=\"section\" data-settings=\"{&quot;stretch_section&quot;:&quot;section-stretched&quot;}\">\n\t\t\t\t\t\t<div class=\"elementor-container elementor-column-gap-no\">\n\t\t\t\t\t<div class=\"elementor-column elementor-col-100 elementor-top-column elementor-element elementor-element-bdfba51\" data-id=\"bdfba51\" data-element_type=\"column\" data-e-type=\"column\">\n\t\t\t<div class=\"elementor-widget-wrap elementor-element-populated\">\n\t\t\t\t\t\t<div class=\"elementor-element elementor-element-2a9862d elementor-widget elementor-widget-google_maps\" data-id=\"2a9862d\" data-element_type=\"widget\" data-e-type=\"widget\" data-widget_type=\"google_maps.default\">\n\t\t\t\t<div class=\"elementor-widget-container\">\n\t\t\t\t\t\t\t<div class=\"elementor-custom-embed\">\n\t\t\t<iframe\n\t\t\t\t\tdata-src=\"https:\/\/maps.google.com\/maps?q=Solar%20Team%20Solaris%2C%2096C5%2B89%20Buca%2C%20%C4%B0zmir&#038;t=m&#038;z=17&#038;output=embed&#038;iwloc=near\"\n\t\t\t\t\ttitle=\"Solar Team Solaris, 96C5+89 Buca, \u0130zmir\"\n\t\t\t\t\taria-label=\"Solar Team Solaris, 96C5+89 Buca, \u0130zmir\"\n\t\t\t src=\"data:image\/svg+xml;base64,PHN2ZyB3aWR0aD0iMSIgaGVpZ2h0PSIxIiB4bWxucz0iaHR0cDovL3d3dy53My5vcmcvMjAwMC9zdmciPjwvc3ZnPg==\" class=\"lazyload\" data-load-mode=\"1\"><\/iframe>\n\t\t<\/div>\n\t\t\t\t\t\t<\/div>\n\t\t\t\t<\/div>\n\t\t\t\t\t<\/div>\n\t\t<\/div>\n\t\t\t\t\t<\/div>\n\t\t<\/section>\n\t\t\t\t<\/div>","protected":false},"excerpt":{"rendered":"<p>Contact Details ELMAS BEYZA YILMAZ Sponsorship &#8211; Organization &#8211; Corporate Relations and Media E-mail: e.b.yilmaz@teamsolaris.com T: +90 552 326 21 70 Assoc. Prof. Dr. Ayta\u00e7 G\u00f6ren Project Manager Our Address Dokuz Eyl\u00fcl \u00dcniversitesi T\u0131naztepe Yerle\u015fkesi Makine M\u00fchendisli\u011fi B\u00f6l\u00fcm\u00fc, 3. Bodrum Kat Solaris Odas\u0131 35397 Buca\/\u0130ZM\u0130R &nbsp; Contact Information Tel: +90 [&hellip;]<\/p>\n","protected":false},"author":1,"featured_media":0,"parent":0,"menu_order":0,"comment_status":"closed","ping_status":"closed","template":"page-templates\/template-pagebuilder-full-width.php","meta":{"_eb_attr":"","_themeisle_gutenberg_block_has_review":false,"footnotes":""},"class_list":["post-4722","page","type-page","status-publish","hentry"],"aioseo_notices":[],"_links":{"self":[{"href":"https:\/\/teamsolaris.com\/tr\/wp-json\/wp\/v2\/pages\/4722","targetHints":{"allow":["GET"]}}],"collection":[{"href":"https:\/\/teamsolaris.com\/tr\/wp-json\/wp\/v2\/pages"}],"about":[{"href":"https:\/\/teamsolaris.com\/tr\/wp-json\/wp\/v2\/types\/page"}],"author":[{"embeddable":true,"href":"https:\/\/teamsolaris.com\/tr\/wp-json\/wp\/v2\/users\/1"}],"replies":[{"embeddable":true,"href":"https:\/\/teamsolaris.com\/tr\/wp-json\/wp\/v2\/comments?post=4722"}],"version-history":[{"count":61,"href":"https:\/\/teamsolaris.com\/tr\/wp-json\/wp\/v2\/pages\/4722\/revisions"}],"predecessor-version":[{"id":10124,"href":"https:\/\/teamsolaris.com\/tr\/wp-json\/wp\/v2\/pages\/4722\/revisions\/10124"}],"wp:attachment":[{"href":"https:\/\/teamsolaris.com\/tr\/wp-json\/wp\/v2\/media?parent=4722"}],"curies":[{"name":"wp","href":"https:\/\/api.w.org\/{rel}","templated":true}]}}