{"id":4290,"date":"2020-01-20T16:52:24","date_gmt":"2020-01-20T16:52:24","guid":{"rendered":"https:\/\/teamsolaris.com\/?page_id=4290"},"modified":"2021-09-30T14:51:46","modified_gmt":"2021-09-30T11:51:46","slug":"bwsc","status":"publish","type":"page","link":"https:\/\/teamsolaris.com\/tr\/bwsc\/","title":{"rendered":"Bridgestone World Solar Challenge"},"content":{"rendered":"<div data-elementor-type=\"wp-page\" data-elementor-id=\"4290\" class=\"elementor elementor-4290\">\n\t\t\t\t\t\t<section class=\"elementor-section elementor-top-section elementor-element elementor-element-fe98975 elementor-section-content-space-evenly elementor-section-boxed elementor-section-height-default elementor-section-height-default\" data-id=\"fe98975\" data-element_type=\"section\" data-e-type=\"section\" data-settings=\"{&quot;background_background&quot;:&quot;classic&quot;}\">\n\t\t\t\t\t\t<div class=\"elementor-container elementor-column-gap-default\">\n\t\t\t\t\t<div class=\"elementor-column elementor-col-100 elementor-top-column elementor-element elementor-element-801fbce\" data-id=\"801fbce\" data-element_type=\"column\" data-e-type=\"column\">\n\t\t\t<div class=\"elementor-widget-wrap elementor-element-populated\">\n\t\t\t\t\t\t\t<\/div>\n\t\t<\/div>\n\t\t\t\t\t<\/div>\n\t\t<\/section>\n\t\t\t\t<section class=\"elementor-section elementor-top-section elementor-element elementor-element-3421e23 elementor-section-content-space-around elementor-section-boxed elementor-section-height-default elementor-section-height-default\" data-id=\"3421e23\" data-element_type=\"section\" data-e-type=\"section\">\n\t\t\t\t\t\t<div class=\"elementor-container elementor-column-gap-default\">\n\t\t\t\t\t<div class=\"elementor-column elementor-col-16 elementor-top-column elementor-element elementor-element-8311d98\" data-id=\"8311d98\" data-element_type=\"column\" data-e-type=\"column\">\n\t\t\t<div class=\"elementor-widget-wrap elementor-element-populated\">\n\t\t\t\t\t\t<div class=\"elementor-element elementor-element-923cf27 elementor-widget elementor-widget-image\" data-id=\"923cf27\" data-element_type=\"widget\" data-e-type=\"widget\" data-widget_type=\"image.default\">\n\t\t\t\t<div class=\"elementor-widget-container\">\n\t\t\t\t\t\t\t\t\t\t\t\t\t\t\t\t<a href=\"https:\/\/www.worldsolarchallenge.org\/\">\n\t\t\t\t\t\t\t<img decoding=\"async\" width=\"300\" height=\"157\" data-src=\"https:\/\/teamsolaris.com\/wp-content\/uploads\/2020\/03\/bwsc-300x157.png\" class=\"attachment-medium size-medium wp-image-5037 lazyload\" alt=\"\" data-srcset=\"https:\/\/teamsolaris.com\/wp-content\/uploads\/2020\/03\/bwsc-300x157.png 300w, https:\/\/teamsolaris.com\/wp-content\/uploads\/2020\/03\/bwsc-1024x537.png 1024w, https:\/\/teamsolaris.com\/wp-content\/uploads\/2020\/03\/bwsc-768x402.png 768w, https:\/\/teamsolaris.com\/wp-content\/uploads\/2020\/03\/bwsc.png 1290w\" data-sizes=\"(max-width: 300px) 100vw, 300px\" src=\"data:image\/svg+xml;base64,PHN2ZyB3aWR0aD0iMSIgaGVpZ2h0PSIxIiB4bWxucz0iaHR0cDovL3d3dy53My5vcmcvMjAwMC9zdmciPjwvc3ZnPg==\" style=\"--smush-placeholder-width: 300px; --smush-placeholder-aspect-ratio: 300\/157;\" \/>\t\t\t\t\t\t\t\t<\/a>\n\t\t\t\t\t\t\t\t\t\t\t\t\t\t\t<\/div>\n\t\t\t\t<\/div>\n\t\t\t\t\t<\/div>\n\t\t<\/div>\n\t\t\t\t<div class=\"elementor-column elementor-col-66 elementor-top-column elementor-element elementor-element-f1d45a8\" data-id=\"f1d45a8\" data-element_type=\"column\" data-e-type=\"column\">\n\t\t\t<div class=\"elementor-widget-wrap elementor-element-populated\">\n\t\t\t\t\t\t<div class=\"elementor-element elementor-element-408d4ca elementor-widget elementor-widget-heading\" data-id=\"408d4ca\" data-element_type=\"widget\" data-e-type=\"widget\" data-widget_type=\"heading.default\">\n\t\t\t\t<div class=\"elementor-widget-container\">\n\t\t\t\t\t<h1 class=\"elementor-heading-title elementor-size-default\">Bridgestone World Solar Challenge<\/h1>\t\t\t\t<\/div>\n\t\t\t\t<\/div>\n\t\t\t\t\t<\/div>\n\t\t<\/div>\n\t\t\t\t<div class=\"elementor-column elementor-col-16 elementor-top-column elementor-element elementor-element-f460830\" data-id=\"f460830\" data-element_type=\"column\" data-e-type=\"column\">\n\t\t\t<div class=\"elementor-widget-wrap\">\n\t\t\t\t\t\t\t<\/div>\n\t\t<\/div>\n\t\t\t\t\t<\/div>\n\t\t<\/section>\n\t\t\t\t<section class=\"elementor-section elementor-top-section elementor-element elementor-element-e54dac5 elementor-section-boxed elementor-section-height-default elementor-section-height-default\" data-id=\"e54dac5\" data-element_type=\"section\" data-e-type=\"section\">\n\t\t\t\t\t\t<div class=\"elementor-container elementor-column-gap-default\">\n\t\t\t\t\t<div class=\"elementor-column elementor-col-100 elementor-top-column elementor-element elementor-element-ee334c9\" data-id=\"ee334c9\" data-element_type=\"column\" data-e-type=\"column\">\n\t\t\t<div class=\"elementor-widget-wrap elementor-element-populated\">\n\t\t\t\t\t\t<div class=\"elementor-element elementor-element-ae03199 elementor-widget elementor-widget-text-editor\" data-id=\"ae03199\" data-element_type=\"widget\" data-e-type=\"widget\" data-widget_type=\"text-editor.default\">\n\t\t\t\t<div class=\"elementor-widget-container\">\n\t\t\t\t\t\t\t\t\t<p style=\"text-align: center;\">World Solar Challenge (k\u0131saca WSC), Avustralya'da d\u00fczenlenen d\u00fcnyan\u0131n farkl\u0131 \u00fclkelerinden, \u00e7ok say\u0131da \u00fcniversitenin kat\u0131ld\u0131\u011f\u0131 d\u00fcnyan\u0131n en prestijli solar ara\u00e7 yar\u0131\u015f\u0131d\u0131r. D\u00fcnya genelinde \"\u00e7evre\" ve \"ye\u015fil\" odakl\u0131 d\u00fc\u015f\u00fcnce geli\u015fimine katk\u0131da bulunmak amac\u0131yla do\u011fmu\u015ftur. S\u00fcratten ziyade bir dayan\u0131kl\u0131l\u0131k m\u00fccadelesi olan WSC'de ama\u00e7, Darwin'den Adelaide'a uzanan 3021 km\u2019lik mesafeyi sadece g\u00fcne\u015f enerjisi ile en k\u0131sa s\u00fcrede tamamlamakt\u0131r.<\/p>\t\t\t\t\t\t\t\t<\/div>\n\t\t\t\t<\/div>\n\t\t\t\t\t<\/div>\n\t\t<\/div>\n\t\t\t\t\t<\/div>\n\t\t<\/section>\n\t\t\t\t<section class=\"elementor-section elementor-top-section elementor-element elementor-element-dce71b5 elementor-section-boxed elementor-section-height-default elementor-section-height-default\" data-id=\"dce71b5\" data-element_type=\"section\" data-e-type=\"section\">\n\t\t\t\t\t\t<div class=\"elementor-container elementor-column-gap-default\">\n\t\t\t\t\t<div class=\"elementor-column elementor-col-33 elementor-top-column elementor-element elementor-element-eebba12\" data-id=\"eebba12\" data-element_type=\"column\" data-e-type=\"column\">\n\t\t\t<div class=\"elementor-widget-wrap\">\n\t\t\t\t\t\t\t<\/div>\n\t\t<\/div>\n\t\t\t\t<div class=\"elementor-column elementor-col-33 elementor-top-column elementor-element elementor-element-be37d11\" data-id=\"be37d11\" data-element_type=\"column\" data-e-type=\"column\">\n\t\t\t<div class=\"elementor-widget-wrap elementor-element-populated\">\n\t\t\t\t\t\t\t<\/div>\n\t\t<\/div>\n\t\t\t\t<div class=\"elementor-column elementor-col-33 elementor-top-column elementor-element elementor-element-8f65b01\" data-id=\"8f65b01\" data-element_type=\"column\" data-e-type=\"column\">\n\t\t\t<div class=\"elementor-widget-wrap\">\n\t\t\t\t\t\t\t<\/div>\n\t\t<\/div>\n\t\t\t\t\t<\/div>\n\t\t<\/section>\n\t\t\t\t<section class=\"elementor-section elementor-top-section elementor-element elementor-element-39057c5 elementor-section-boxed elementor-section-height-default elementor-section-height-default\" data-id=\"39057c5\" data-element_type=\"section\" data-e-type=\"section\">\n\t\t\t\t\t\t<div class=\"elementor-container elementor-column-gap-default\">\n\t\t\t\t\t<div class=\"elementor-column elementor-col-100 elementor-top-column elementor-element elementor-element-3aa43bf\" data-id=\"3aa43bf\" data-element_type=\"column\" data-e-type=\"column\">\n\t\t\t<div class=\"elementor-widget-wrap elementor-element-populated\">\n\t\t\t\t\t\t<div class=\"elementor-element elementor-element-d332d60 elementor-widget elementor-widget-text-editor\" data-id=\"d332d60\" data-element_type=\"widget\" data-e-type=\"widget\" data-widget_type=\"text-editor.default\">\n\t\t\t\t<div class=\"elementor-widget-container\">\n\t\t\t\t\t\t\t\t\t<p style=\"text-align: center;\">Yar\u0131\u015flar iki y\u0131lda bir Challenger, Cruiser ve Adventure olmak \u00fczere \u00fc\u00e7 s\u0131n\u0131fta yap\u0131lmaktad\u0131r. Rekabetin ve kat\u0131l\u0131m\u0131n en y\u00fcksek oldu\u011fu s\u0131n\u0131f Challenger olup ara\u00e7 tasar\u0131mlar\u0131 al\u0131\u015f\u0131lm\u0131\u015f\u0131n d\u0131\u015f\u0131ndad\u0131r.&nbsp;<span style=\"font-size: inherit; letter-spacing: -0.3px;\">Cruiser s\u0131n\u0131f\u0131 ise biraz daha yol otomobillerine benzer tasar\u0131mlara sahip iki ya da d\u00f6rt ki\u015filik ara\u00e7lardan olu\u015fur.&nbsp;<\/span><span style=\"font-size: inherit; letter-spacing: -0.3px;\">Adventure s\u0131n\u0131f\u0131 ise \u00f6nceki y\u0131llarda \u00fcretilmi\u015f mevcut reg\u00fclasyonlara uymayan daha geleneksel ara\u00e7lar\u0131n yar\u0131\u015ft\u0131r\u0131ld\u0131\u011f\u0131 s\u0131n\u0131ft\u0131r.&nbsp;<\/span><span style=\"font-size: inherit; letter-spacing: -0.3px;\">Kat\u0131lmak isteyen ekiplerin, organizasyonun her yar\u0131\u015f \u00f6ncesi g\u00fcncelledikleri yar\u0131\u015f reg\u00fclasyonunu incelemesi ve bu ko\u015fullara uygun ara\u00e7 tasarlay\u0131p \u00fcretmesi gerekmektedir.&nbsp;<\/span><span style=\"font-size: inherit; letter-spacing: -0.3px;\">Bununla birlikte sitede a\u00e7\u0131klanan tarihlere uygun olarak ba\u015fvuruda bulunmal\u0131d\u0131rlar.&nbsp;<\/span><span style=\"font-size: inherit; letter-spacing: -0.3px;\">Ekipler bu uzun maraton boyunca pek \u00e7ok zorlukla m\u00fccadele edip birbirlerine kar\u015f\u0131 \u00fcst\u00fcnl\u00fck sa\u011flamaya \u00e7al\u0131\u015f\u0131r. Her ne kadar k\u0131ta boyunca olan fiili yar\u0131\u015f dikkat \u00e7eksede, perdenin arkas\u0131nda \u00f6\u011frenciler aras\u0131nda tatl\u0131 bir rekabet halinde s\u00fcren ger\u00e7ek bir m\u00fchendislik sava\u015f\u0131 vard\u0131r.<\/span><\/p>\t\t\t\t\t\t\t\t<\/div>\n\t\t\t\t<\/div>\n\t\t\t\t\t<\/div>\n\t\t<\/div>\n\t\t\t\t\t<\/div>\n\t\t<\/section>\n\t\t\t\t<section class=\"elementor-section elementor-top-section elementor-element elementor-element-c2276cc elementor-section-boxed elementor-section-height-default elementor-section-height-default\" data-id=\"c2276cc\" data-element_type=\"section\" data-e-type=\"section\">\n\t\t\t\t\t\t<div class=\"elementor-container elementor-column-gap-default\">\n\t\t\t\t\t<div class=\"elementor-column elementor-col-33 elementor-top-column elementor-element elementor-element-bd64ae1\" data-id=\"bd64ae1\" data-element_type=\"column\" data-e-type=\"column\">\n\t\t\t<div class=\"elementor-widget-wrap\">\n\t\t\t\t\t\t\t<\/div>\n\t\t<\/div>\n\t\t\t\t<div class=\"elementor-column elementor-col-33 elementor-top-column elementor-element elementor-element-1806fcc\" data-id=\"1806fcc\" data-element_type=\"column\" data-e-type=\"column\">\n\t\t\t<div class=\"elementor-widget-wrap elementor-element-populated\">\n\t\t\t\t\t\t<div class=\"elementor-element elementor-element-132a436 elementor-widget elementor-widget-spacer\" data-id=\"132a436\" data-element_type=\"widget\" data-e-type=\"widget\" data-widget_type=\"spacer.default\">\n\t\t\t\t<div class=\"elementor-widget-container\">\n\t\t\t\t\t\t\t<div class=\"elementor-spacer\">\n\t\t\t<div class=\"elementor-spacer-inner\"><\/div>\n\t\t<\/div>\n\t\t\t\t\t\t<\/div>\n\t\t\t\t<\/div>\n\t\t\t\t<div class=\"elementor-element elementor-element-8d41915 elementor-widget elementor-widget-heading\" data-id=\"8d41915\" data-element_type=\"widget\" data-e-type=\"widget\" data-widget_type=\"heading.default\">\n\t\t\t\t<div class=\"elementor-widget-container\">\n\t\t\t\t\t<h2 class=\"elementor-heading-title elementor-size-default\">Our WSC History<\/h2>\t\t\t\t<\/div>\n\t\t\t\t<\/div>\n\t\t\t\t\t<\/div>\n\t\t<\/div>\n\t\t\t\t<div class=\"elementor-column elementor-col-33 elementor-top-column elementor-element elementor-element-90d1b27\" data-id=\"90d1b27\" data-element_type=\"column\" data-e-type=\"column\">\n\t\t\t<div class=\"elementor-widget-wrap\">\n\t\t\t\t\t\t\t<\/div>\n\t\t<\/div>\n\t\t\t\t\t<\/div>\n\t\t<\/section>\n\t\t\t\t<section class=\"elementor-section elementor-top-section elementor-element elementor-element-0929e85 elementor-section-boxed elementor-section-height-default elementor-section-height-default\" data-id=\"0929e85\" data-element_type=\"section\" data-e-type=\"section\">\n\t\t\t\t\t\t<div class=\"elementor-container elementor-column-gap-default\">\n\t\t\t\t\t<div class=\"elementor-column elementor-col-33 elementor-top-column elementor-element elementor-element-9e68863\" data-id=\"9e68863\" data-element_type=\"column\" data-e-type=\"column\">\n\t\t\t<div class=\"elementor-widget-wrap\">\n\t\t\t\t\t\t\t<\/div>\n\t\t<\/div>\n\t\t\t\t<div class=\"elementor-column elementor-col-33 elementor-top-column elementor-element elementor-element-8b86023\" data-id=\"8b86023\" data-element_type=\"column\" data-e-type=\"column\">\n\t\t\t<div class=\"elementor-widget-wrap elementor-element-populated\">\n\t\t\t\t\t\t<div class=\"elementor-element elementor-element-d1bf43c elementor-widget elementor-widget-shortcode\" data-id=\"d1bf43c\" data-element_type=\"widget\" data-e-type=\"widget\" data-widget_type=\"shortcode.default\">\n\t\t\t\t<div class=\"elementor-widget-container\">\n\t\t\t\t\t\t\t<div class=\"elementor-shortcode\"><div id=\"footable_parent_5139\"\n         class=\"footable_parent ninja_table_wrapper loading_ninja_table wp_table_data_press_parent semantic_ui\">\n                <table data-ninja_table_instance=\"ninja_table_instance_0\" data-footable_id=\"5139\" data-filter-delay=\"1000\" aria-label=\"BWSC\"            id=\"footable_5139\"\n           data-unique_identifier=\"ninja_table_unique_id_1130431234_5139\"\n           class=\"foo-table ninja_footable foo_table_5139 ninja_table_unique_id_1130431234_5139 ui table  nt_type_ajax_table selectable hide_vertical_borders striped vertical_centered  footable-paging-right ninja_table_search_disabled\">\n                <colgroup>\n                            <col class=\"ninja_column_0\">\n                            <col class=\"ninja_column_1\">\n                            <col class=\"ninja_column_2\">\n                    <\/colgroup>\n            <\/table>\n    \n    \n    \n<\/div>\n<\/div>\n\t\t\t\t\t\t<\/div>\n\t\t\t\t<\/div>\n\t\t\t\t\t<\/div>\n\t\t<\/div>\n\t\t\t\t<div class=\"elementor-column elementor-col-33 elementor-top-column elementor-element elementor-element-f4d3f6f\" data-id=\"f4d3f6f\" data-element_type=\"column\" data-e-type=\"column\">\n\t\t\t<div class=\"elementor-widget-wrap\">\n\t\t\t\t\t\t\t<\/div>\n\t\t<\/div>\n\t\t\t\t\t<\/div>\n\t\t<\/section>\n\t\t\t\t<section class=\"elementor-section elementor-top-section elementor-element elementor-element-78326d4 elementor-section-boxed elementor-section-height-default elementor-section-height-default\" data-id=\"78326d4\" data-element_type=\"section\" data-e-type=\"section\">\n\t\t\t\t\t\t<div class=\"elementor-container elementor-column-gap-default\">\n\t\t\t\t\t<div class=\"elementor-column elementor-col-100 elementor-top-column elementor-element elementor-element-e574b35\" data-id=\"e574b35\" data-element_type=\"column\" data-e-type=\"column\">\n\t\t\t<div class=\"elementor-widget-wrap elementor-element-populated\">\n\t\t\t\t\t\t<div class=\"elementor-element elementor-element-2f819f6 elementor-widget elementor-widget-spacer\" data-id=\"2f819f6\" data-element_type=\"widget\" data-e-type=\"widget\" data-widget_type=\"spacer.default\">\n\t\t\t\t<div class=\"elementor-widget-container\">\n\t\t\t\t\t\t\t<div class=\"elementor-spacer\">\n\t\t\t<div class=\"elementor-spacer-inner\"><\/div>\n\t\t<\/div>\n\t\t\t\t\t\t<\/div>\n\t\t\t\t<\/div>\n\t\t\t\t\t<\/div>\n\t\t<\/div>\n\t\t\t\t\t<\/div>\n\t\t<\/section>\n\t\t\t\t<\/div>","protected":false},"excerpt":{"rendered":"<p>Bridgestone World Solar Challenge World Solar Challenge (WSC in short) is the world&#8217;s most prestigious solar vehicle race organized in Australia that attended by many universities from different countries around the world. In worldwide, it was born to contribute to the development of &#8220;environment&#8221; and &#8220;green&#8221; focused thinking. In WSC, [&hellip;]<\/p>\n","protected":false},"author":1,"featured_media":0,"parent":0,"menu_order":0,"comment_status":"closed","ping_status":"closed","template":"page-templates\/template-pagebuilder-full-width.php","meta":{"_eb_attr":"","_themeisle_gutenberg_block_has_review":false,"footnotes":""},"class_list":["post-4290","page","type-page","status-publish","hentry"],"aioseo_notices":[],"_links":{"self":[{"href":"https:\/\/teamsolaris.com\/tr\/wp-json\/wp\/v2\/pages\/4290","targetHints":{"allow":["GET"]}}],"collection":[{"href":"https:\/\/teamsolaris.com\/tr\/wp-json\/wp\/v2\/pages"}],"about":[{"href":"https:\/\/teamsolaris.com\/tr\/wp-json\/wp\/v2\/types\/page"}],"author":[{"embeddable":true,"href":"https:\/\/teamsolaris.com\/tr\/wp-json\/wp\/v2\/users\/1"}],"replies":[{"embeddable":true,"href":"https:\/\/teamsolaris.com\/tr\/wp-json\/wp\/v2\/comments?post=4290"}],"version-history":[{"count":4,"href":"https:\/\/teamsolaris.com\/tr\/wp-json\/wp\/v2\/pages\/4290\/revisions"}],"predecessor-version":[{"id":9612,"href":"https:\/\/teamsolaris.com\/tr\/wp-json\/wp\/v2\/pages\/4290\/revisions\/9612"}],"wp:attachment":[{"href":"https:\/\/teamsolaris.com\/tr\/wp-json\/wp\/v2\/media?parent=4290"}],"curies":[{"name":"wp","href":"https:\/\/api.w.org\/{rel}","templated":true}]}}