{"id":10007,"date":"2025-09-15T00:00:00","date_gmt":"2025-09-14T21:00:00","guid":{"rendered":"https:\/\/teamsolaris.com\/?page_id=10007"},"modified":"2025-09-15T05:28:18","modified_gmt":"2025-09-15T02:28:18","slug":"yeni-donem-basvurulari-basladi","status":"publish","type":"page","link":"https:\/\/teamsolaris.com\/tr\/yeni-donem-basvurulari-basladi\/","title":{"rendered":"YEN\u0130 D\u00d6NEM BA\u015eVURULARI BA\u015eLADI!"},"content":{"rendered":"<div data-elementor-type=\"wp-page\" data-elementor-id=\"10007\" class=\"elementor elementor-10007\">\n\t\t\t\t\t\t<section class=\"elementor-section elementor-top-section elementor-element elementor-element-4abac4f elementor-section-boxed elementor-section-height-default elementor-section-height-default\" data-id=\"4abac4f\" data-element_type=\"section\" data-e-type=\"section\">\n\t\t\t\t\t\t<div class=\"elementor-container elementor-column-gap-default\">\n\t\t\t\t\t<div class=\"elementor-column elementor-col-100 elementor-top-column elementor-element elementor-element-ba5e62c\" data-id=\"ba5e62c\" data-element_type=\"column\" data-e-type=\"column\">\n\t\t\t<div class=\"elementor-widget-wrap elementor-element-populated\">\n\t\t\t\t\t\t<div class=\"elementor-element elementor-element-d8ae30e elementor-widget elementor-widget-heading\" data-id=\"d8ae30e\" data-element_type=\"widget\" data-e-type=\"widget\" data-widget_type=\"heading.default\">\n\t\t\t\t<div class=\"elementor-widget-container\">\n\t\t\t\t\t<h2 class=\"elementor-heading-title elementor-size-default\">YEN\u0130 D\u00d6NEM BA\u015eVURULARI BA\u015eLADI!<\/h2>\t\t\t\t<\/div>\n\t\t\t\t<\/div>\n\t\t\t\t\t<\/div>\n\t\t<\/div>\n\t\t\t\t\t<\/div>\n\t\t<\/section>\n\t\t\t\t<section class=\"elementor-section elementor-top-section elementor-element elementor-element-567a995a elementor-section-boxed elementor-section-height-default elementor-section-height-default\" data-id=\"567a995a\" data-element_type=\"section\" data-e-type=\"section\">\n\t\t\t\t\t\t<div class=\"elementor-container elementor-column-gap-default\">\n\t\t\t\t\t<div class=\"elementor-column elementor-col-100 elementor-top-column elementor-element elementor-element-194cada7\" data-id=\"194cada7\" data-element_type=\"column\" data-e-type=\"column\">\n\t\t\t<div class=\"elementor-widget-wrap elementor-element-populated\">\n\t\t\t\t\t\t<div class=\"elementor-element elementor-element-117558b5 elementor-widget elementor-widget-text-editor\" data-id=\"117558b5\" data-element_type=\"widget\" data-e-type=\"widget\" data-widget_type=\"text-editor.default\">\n\t\t\t\t<div class=\"elementor-widget-container\">\n\t\t\t\t\t\t\t\t\t\n<p>S14 D\u00f6nemi&#8217;nin 2025-2026 y\u0131l\u0131nda ailemize yeni \u00fcyelerimizi bekliyoruz!<\/p>\n\n<p>Ekibimiz temel itibariyle 3 alt gruptan olu\u015fmaktad\u0131r. Haydi gelin alt gruplar\u0131m\u0131z\u0131 ve i\u015fleyi\u015flerini tan\u0131yal\u0131m.<\/p>\n\n<h2 class=\"wp-block-heading\">Mekanik Alt Grup:<\/h2>\n\n<p>Dinamik ve aerodinamik tasar\u0131m, kompozit \u00fcretim ve frenleme sistemleri \u00fczerine \u00e7al\u0131\u015fmaktad\u0131r.<\/p>\n\n<h2 class=\"wp-block-heading\">Elektronik Alt Grup: \u00a0<\/h2>\n\n<p>Elektronik aksamlar, elektronik kart tasar\u0131mlar\u0131 ve dizgileri, haberle\u015fme sistemleri ve motor sistemleri \u00fczerine \u00e7al\u0131\u015fmaktad\u0131r.<\/p>\n\n<h2 class=\"wp-block-heading\">Sponsorluk Organizasyon ve Medya:<\/h2>\n\n<ul class=\"wp-block-list\">\n<li>Sponsorluk<br \/>Gerekli b\u00fct\u00e7enin sa\u011flanmas\u0131, firmalarla ileti\u015fim ve \u00fcr\u00fcn temini ile ilgilenmektedir.<\/li>\n\n<li>Medya<br \/>Sosyal medya i\u00e7erikleri, tan\u0131t\u0131m ve g\u00f6r\u00fcn\u00fcrl\u00fck \u00fczerine \u00e7al\u0131\u015f\u0131r.<\/li>\n\n<li>Organizasyon<br \/>\u0130\u00e7 ve d\u0131\u015f faaliyetlerin planlanmas\u0131 ve ger\u00e7ekle\u015ftirilmesi \u00fczerine \u00e7al\u0131\u015f\u0131r.<\/li>\n<\/ul>\n\n<p>Son ba\u015fvuru tarihi 3 Ekim 2025. Ba\u015fvurmak i\u00e7in <a href=\"https:\/\/forms.gle\/j5ky4HAEAgu2TBb1A\" title=\"t\u0131klay\u0131n\u0131z!\">t\u0131klay\u0131n\u0131z!<\/a><\/p>\n\n<figure class=\"wp-block-image size-full\"><img fetchpriority=\"high\" decoding=\"async\" width=\"2245\" height=\"1587\" src=\"https:\/\/teamsolaris.com\/wp-content\/uploads\/2025\/09\/7-Farkli-Yaris-araci-2.png\" alt=\"\" class=\"wp-image-10010\" srcset=\"https:\/\/teamsolaris.com\/wp-content\/uploads\/2025\/09\/7-Farkli-Yaris-araci-2.png 2245w, https:\/\/teamsolaris.com\/wp-content\/uploads\/2025\/09\/7-Farkli-Yaris-araci-2-768x543.png 768w, https:\/\/teamsolaris.com\/wp-content\/uploads\/2025\/09\/7-Farkli-Yaris-araci-2-1536x1086.png 1536w, https:\/\/teamsolaris.com\/wp-content\/uploads\/2025\/09\/7-Farkli-Yaris-araci-2-2048x1448.png 2048w, https:\/\/teamsolaris.com\/wp-content\/uploads\/2025\/09\/7-Farkli-Yaris-araci-2-18x12.png 18w, https:\/\/teamsolaris.com\/wp-content\/uploads\/2025\/09\/7-Farkli-Yaris-araci-2-600x424.png 600w\" sizes=\"(max-width: 2245px) 100vw, 2245px\" \/><\/figure>\n\t\t\t\t\t\t\t\t<\/div>\n\t\t\t\t<\/div>\n\t\t\t\t\t<\/div>\n\t\t<\/div>\n\t\t\t\t\t<\/div>\n\t\t<\/section>\n\t\t\t\t<\/div>","protected":false},"excerpt":{"rendered":"<p>YEN\u0130 D\u00d6NEM BA\u015eVURULARI BA\u015eLADI! S14 D\u00f6nemi&#8217;nin 2025-2026 y\u0131l\u0131nda ailemize yeni \u00fcyelerimizi bekliyoruz! Ekibimiz temel itibariyle 3 alt gruptan olu\u015fmaktad\u0131r. Haydi gelin alt gruplar\u0131m\u0131z\u0131 ve i\u015fleyi\u015flerini tan\u0131yal\u0131m. Mekanik Alt Grup: Dinamik ve aerodinamik tasar\u0131m, kompozit \u00fcretim ve frenleme sistemleri \u00fczerine \u00e7al\u0131\u015fmaktad\u0131r. Elektronik Alt Grup: \u00a0 Elektronik aksamlar, elektronik kart tasar\u0131mlar\u0131 ve [&hellip;]<\/p>\n","protected":false},"author":2,"featured_media":9929,"parent":0,"menu_order":0,"comment_status":"closed","ping_status":"closed","template":"","meta":{"_eb_attr":"","_themeisle_gutenberg_block_has_review":false,"footnotes":""},"class_list":["post-10007","page","type-page","status-publish","has-post-thumbnail","hentry"],"aioseo_notices":[],"_links":{"self":[{"href":"https:\/\/teamsolaris.com\/tr\/wp-json\/wp\/v2\/pages\/10007","targetHints":{"allow":["GET"]}}],"collection":[{"href":"https:\/\/teamsolaris.com\/tr\/wp-json\/wp\/v2\/pages"}],"about":[{"href":"https:\/\/teamsolaris.com\/tr\/wp-json\/wp\/v2\/types\/page"}],"author":[{"embeddable":true,"href":"https:\/\/teamsolaris.com\/tr\/wp-json\/wp\/v2\/users\/2"}],"replies":[{"embeddable":true,"href":"https:\/\/teamsolaris.com\/tr\/wp-json\/wp\/v2\/comments?post=10007"}],"version-history":[{"count":4,"href":"https:\/\/teamsolaris.com\/tr\/wp-json\/wp\/v2\/pages\/10007\/revisions"}],"predecessor-version":[{"id":10015,"href":"https:\/\/teamsolaris.com\/tr\/wp-json\/wp\/v2\/pages\/10007\/revisions\/10015"}],"wp:featuredmedia":[{"embeddable":true,"href":"https:\/\/teamsolaris.com\/tr\/wp-json\/wp\/v2\/media\/9929"}],"wp:attachment":[{"href":"https:\/\/teamsolaris.com\/tr\/wp-json\/wp\/v2\/media?parent=10007"}],"curies":[{"name":"wp","href":"https:\/\/api.w.org\/{rel}","templated":true}]}}